{"id":3995,"date":"2021-12-10T14:10:59","date_gmt":"2021-12-10T14:10:59","guid":{"rendered":"https:\/\/madelyn.qodeinteractive.com\/?page_id=3995"},"modified":"2024-10-07T21:51:07","modified_gmt":"2024-10-07T19:51:07","slug":"manufactory","status":"publish","type":"page","link":"https:\/\/erichludwig-de.vacus.io\/en\/manufactory","title":{"rendered":"manufactory"},"content":{"rendered":"\t\t<div data-elementor-type=\"wp-page\" data-elementor-id=\"3995\" class=\"elementor elementor-3995\">\n\t\t\t\t\t\t<section class=\"elementor-section elementor-top-section elementor-element elementor-element-dd74319 elementor-section-full_width elementor-section-height-default elementor-section-height-default qodef-elementor-content-no qodef-elementor-back-btn-skin-default qodef-section-title-text-holder-no qodef-section-line-animation-holder-no\" data-id=\"dd74319\" data-element_type=\"section\" data-e-type=\"section\">\n\t\t\t\t\t\t<div class=\"elementor-container elementor-column-gap-default\">\n\t\t\t\t\t<div class=\"elementor-column elementor-col-100 elementor-top-column elementor-element elementor-element-80c7eb9\" data-id=\"80c7eb9\" data-element_type=\"column\" data-e-type=\"column\">\n\t\t\t<div class=\"elementor-widget-wrap elementor-element-populated\">\n\t\t\t\t\t\t<div class=\"elementor-element elementor-element-be02c55 elementor-widget__width-inherit elementor-widget elementor-widget-image\" data-id=\"be02c55\" data-element_type=\"widget\" data-e-type=\"widget\" data-widget_type=\"image.default\">\n\t\t\t\t<div class=\"elementor-widget-container\">\n\t\t\t\t\t\t\t\t\t\t\t\t\t\t\t<img fetchpriority=\"high\" decoding=\"async\" width=\"2560\" height=\"385\" src=\"https:\/\/erichludwig-de.vacus.io\/en\/wp-content\/uploads\/2024\/10\/Header.png\" class=\"attachment-full size-full wp-image-14109\" alt=\"\" srcset=\"https:\/\/erichludwig-de.vacus.io\/en\/wp-content\/uploads\/2024\/10\/Header.png 2560w, https:\/\/erichludwig-de.vacus.io\/en\/wp-content\/uploads\/2024\/10\/Header-300x45.png 300w, https:\/\/erichludwig-de.vacus.io\/en\/wp-content\/uploads\/2024\/10\/Header-1024x154.png 1024w, https:\/\/erichludwig-de.vacus.io\/en\/wp-content\/uploads\/2024\/10\/Header-768x116.png 768w, https:\/\/erichludwig-de.vacus.io\/en\/wp-content\/uploads\/2024\/10\/Header-1536x231.png 1536w, https:\/\/erichludwig-de.vacus.io\/en\/wp-content\/uploads\/2024\/10\/Header-2048x308.png 2048w\" sizes=\"(max-width: 2560px) 100vw, 2560px\" \/>\t\t\t\t\t\t\t\t\t\t\t\t\t\t\t<\/div>\n\t\t\t\t<\/div>\n\t\t\t\t\t<\/div>\n\t\t<\/div>\n\t\t\t\t\t<\/div>\n\t\t<\/section>\n\t\t<div class=\"elementor-element elementor-element-f94b4cc e-con-full e-flex e-con e-parent\" data-id=\"f94b4cc\" data-element_type=\"container\" data-e-type=\"container\" data-settings=\"{&quot;background_background&quot;:&quot;gradient&quot;}\">\n\t\t\t\t<div class=\"elementor-element elementor-element-0f7a39f elementor-widget elementor-widget-spacer\" data-id=\"0f7a39f\" data-element_type=\"widget\" data-e-type=\"widget\" data-widget_type=\"spacer.default\">\n\t\t\t\t<div class=\"elementor-widget-container\">\n\t\t\t\t\t\t\t<div class=\"elementor-spacer\">\n\t\t\t<div class=\"elementor-spacer-inner\"><\/div>\n\t\t<\/div>\n\t\t\t\t\t\t<\/div>\n\t\t\t\t<\/div>\n\t\t\t\t<\/div>\n\t\t<div class=\"elementor-element elementor-element-e2c273e e-flex e-con-boxed e-con e-parent\" data-id=\"e2c273e\" data-element_type=\"container\" data-e-type=\"container\" data-settings=\"{&quot;background_background&quot;:&quot;classic&quot;}\">\n\t\t\t\t\t<div class=\"e-con-inner\">\n\t\t\t\t<div class=\"elementor-element elementor-element-6582b4a elementor-widget__width-auto elementor-invisible elementor-widget elementor-widget-qi_addons_for_elementor_timeline\" data-id=\"6582b4a\" data-element_type=\"widget\" data-e-type=\"widget\" data-settings=\"{&quot;_animation&quot;:&quot;fadeIn&quot;}\" data-widget_type=\"qi_addons_for_elementor_timeline.default\">\n\t\t\t\t<div class=\"elementor-widget-container\">\n\t\t\t\t\t<div class=\"qodef-shortcode qodef-m qodef-qi-timeline qodef-timeline--vertical qodef-timeline-layout--vertical-separated qodef-line--inside qodef-point--standard qodef-qi--has-appear qodef-reverse-padding\">\n\t<div class=\"qodef-e qodef-e-item elementor-repeater-item-6870ea9 qodef-obverse\">\n\t<div class=\"qodef-e-line-holder\">\n\t\t<span class=\"qodef-e-line\"><\/span>\n\t<\/div>\n\t<div class=\"qodef-e-item-inner\">\n\t\t<div class=\"qodef-e-point-holder\">\n\t\t\t<div class=\"qodef-e-point\">\n\t\t\t\t\t\t\t<\/div>\n\t\t<\/div>\n\t\t<div class=\"qodef-e-side-holder\">\n\t\t\t<div class=\"qodef-e-image\">\n\t<img decoding=\"async\" width=\"1300\" height=\"650\" src=\"https:\/\/erichludwig-de.vacus.io\/en\/wp-content\/uploads\/2024\/07\/AdobeStock_500752425-1300x650.jpeg\" class=\"attachment-qi_addons_for_elementor_image_size_landscape size-qi_addons_for_elementor_image_size_landscape\" alt=\"\" \/><\/div>\n\t\t<\/div>\n\t\t<div class=\"qodef-e-content-holder\">\n\t\t\t\t<div class=\"qodef-e-date\">\n\t\tWer arbeitet bei uns?\t<\/div>\n\t\t\t\t\t<h4 class=\"qodef-e-title\">\n\t\t\t<a itemprop=\"url\" href=\"\/manufaktur\/team\" target=\"_self\">\n\t\tDas Team hinter der Etuimanufaktur\t\t\t<\/a>\n\t\t<\/h4>\n\t\t\t\t\t<p class=\"qodef-e-text\">\n\t\tLernen Sie unser Experten-Team kennen, das Ihre W\u00fcnsche f\u00fcr erstklassige Produkte erf\u00fcllt.\t<\/p>\n\t\t\t<\/div>\n\t<\/div>\n<\/div>\n<div class=\"qodef-e qodef-e-item elementor-repeater-item-ad44850 qodef-reverse\">\n\t<div class=\"qodef-e-line-holder\">\n\t\t<span class=\"qodef-e-line\"><\/span>\n\t<\/div>\n\t<div class=\"qodef-e-item-inner\">\n\t\t<div class=\"qodef-e-point-holder\">\n\t\t\t<div class=\"qodef-e-point\">\n\t\t\t\t\t\t\t<\/div>\n\t\t<\/div>\n\t\t<div class=\"qodef-e-side-holder\">\n\t\t\t<div class=\"qodef-e-image\">\n\t<img decoding=\"async\" width=\"1300\" height=\"650\" src=\"https:\/\/erichludwig-de.vacus.io\/en\/wp-content\/uploads\/2024\/07\/AdobeStock_188395867-1300x650.jpeg\" class=\"attachment-qi_addons_for_elementor_image_size_landscape size-qi_addons_for_elementor_image_size_landscape\" alt=\"\" \/><\/div>\n\t\t<\/div>\n\t\t<div class=\"qodef-e-content-holder\">\n\t\t\t\t<div class=\"qodef-e-date\">\n\t\tDas Herzst\u00fcck der Manufaktur\t<\/div>\n\t\t\t\t\t<h4 class=\"qodef-e-title\">\n\t\t\t<a itemprop=\"url\" href=\"\/manufaktur\/werkstatt\/\" target=\"_self\">\n\t\tDie Werkstatt\t\t\t<\/a>\n\t\t<\/h4>\n\t\t\t\t\t<p class=\"qodef-e-text\">\n\t\tHier werden Produkte von unseren Experten f\u00fcr nationale und internationale Kunden geschaffen. Besuchen Sie uns vor Ort und erleben Sie selbst, wo auch heute noch echte Handwerkskunst zu Hause ist.\t<\/p>\n\t\t\t<\/div>\n\t<\/div>\n<\/div>\n<div class=\"qodef-e qodef-e-item elementor-repeater-item-44b04b9 qodef-obverse\">\n\t<div class=\"qodef-e-line-holder\">\n\t\t<span class=\"qodef-e-line\"><\/span>\n\t<\/div>\n\t<div class=\"qodef-e-item-inner\">\n\t\t<div class=\"qodef-e-point-holder\">\n\t\t\t<div class=\"qodef-e-point\">\n\t\t\t\t\t\t\t<\/div>\n\t\t<\/div>\n\t\t<div class=\"qodef-e-side-holder\">\n\t\t\t<div class=\"qodef-e-image\">\n\t<img loading=\"lazy\" decoding=\"async\" width=\"1000\" height=\"650\" src=\"https:\/\/erichludwig-de.vacus.io\/en\/wp-content\/uploads\/2024\/07\/Erich-Ludwig-Logo-11-1000x650.png\" class=\"attachment-qi_addons_for_elementor_image_size_landscape size-qi_addons_for_elementor_image_size_landscape\" alt=\"\" \/><\/div>\n\t\t<\/div>\n\t\t<div class=\"qodef-e-content-holder\">\n\t\t\t\t<div class=\"qodef-e-date\">\n\t\tJetzt erleben!\t<\/div>\n\t\t\t\t\t<h4 class=\"qodef-e-title\">\n\t\t\t<a itemprop=\"url\" href=\"\/manufaktur\/geschichte\" target=\"_self\">\n\t\tDie Geschichte der Erich Ludwig Etuimanufaktur\t\t\t<\/a>\n\t\t<\/h4>\n\t\t\t\t\t<p class=\"qodef-e-text\">\n\t\tEntdecken Sie die Firmengeschichte der Hamburger Etuimanufaktur in vierter Generatiom.\t<\/p>\n\t\t\t<\/div>\n\t<\/div>\n<\/div>\n<div class=\"qodef-e qodef-e-item elementor-repeater-item-6936fe5 qodef-reverse\">\n\t<div class=\"qodef-e-line-holder\">\n\t\t<span class=\"qodef-e-line\"><\/span>\n\t<\/div>\n\t<div class=\"qodef-e-item-inner\">\n\t\t<div class=\"qodef-e-point-holder\">\n\t\t\t<div class=\"qodef-e-point\">\n\t\t\t\t\t\t\t<\/div>\n\t\t<\/div>\n\t\t<div class=\"qodef-e-side-holder\">\n\t\t\t<div class=\"qodef-e-image\">\n\t<img loading=\"lazy\" decoding=\"async\" width=\"1300\" height=\"650\" src=\"https:\/\/erichludwig-de.vacus.io\/en\/wp-content\/uploads\/2024\/07\/AdobeStock_210186895-1300x650.jpeg\" class=\"attachment-qi_addons_for_elementor_image_size_landscape size-qi_addons_for_elementor_image_size_landscape\" alt=\"\" \/><\/div>\n\t\t<\/div>\n\t\t<div class=\"qodef-e-content-holder\">\n\t\t\t\t<div class=\"qodef-e-date\">\n\t\tDie Hamburger Manufaktur im Rampenlicht\t<\/div>\n\t\t\t\t\t<h4 class=\"qodef-e-title\">\n\t\t\t<a itemprop=\"url\" href=\"\/manufaktur\/medienberichte\" target=\"_self\">\n\t\tMedienberichte\t\t\t<\/a>\n\t\t<\/h4>\n\t\t\t\t\t<p class=\"qodef-e-text\">\n\t\tSchauen Sie sich die Erich Ludwig Etuimanufaktur im Rampenlicht der Medien an.\t<\/p>\n\t\t\t<\/div>\n\t<\/div>\n<\/div>\n<\/div>\n\t\t\t\t<\/div>\n\t\t\t\t<\/div>\n\t\t\t\t\t<\/div>\n\t\t\t\t<\/div>\n\t\t<div class=\"elementor-element elementor-element-76510c2 e-con-full e-flex e-con e-parent\" data-id=\"76510c2\" data-element_type=\"container\" data-e-type=\"container\" data-settings=\"{&quot;background_background&quot;:&quot;gradient&quot;}\">\n\t\t\t\t<div class=\"elementor-element elementor-element-a9b7154 elementor-widget__width-inherit elementor-widget elementor-widget-spacer\" data-id=\"a9b7154\" data-element_type=\"widget\" data-e-type=\"widget\" data-widget_type=\"spacer.default\">\n\t\t\t\t<div class=\"elementor-widget-container\">\n\t\t\t\t\t\t\t<div class=\"elementor-spacer\">\n\t\t\t<div class=\"elementor-spacer-inner\"><\/div>\n\t\t<\/div>\n\t\t\t\t\t\t<\/div>\n\t\t\t\t<\/div>\n\t\t\t\t<\/div>\n\t\t\t\t<\/div>\n\t\t","protected":false},"excerpt":{"rendered":"<p>Wer arbeitet bei uns? Das Team hinter der Etuimanufaktur Lernen Sie unser Experten-Team kennen, das Ihre W\u00fcnsche f\u00fcr erstklassige Produkte erf\u00fcllt. Das Herzst\u00fcck der Manufaktur Die Werkstatt Hier werden Produkte von unseren Experten f\u00fcr nationale und internationale Kunden geschaffen. Besuchen Sie uns vor Ort und erleben Sie selbst, wo auch heute noch echte Handwerkskunst zu [&hellip;]<\/p>\n","protected":false},"author":1,"featured_media":0,"parent":0,"menu_order":0,"comment_status":"closed","ping_status":"closed","template":"page-full-width.php","meta":{"footnotes":""},"class_list":["post-3995","page","type-page","status-publish","hentry"],"jetpack_sharing_enabled":true,"_links":{"self":[{"href":"https:\/\/erichludwig-de.vacus.io\/en\/wp-json\/wp\/v2\/pages\/3995","targetHints":{"allow":["GET"]}}],"collection":[{"href":"https:\/\/erichludwig-de.vacus.io\/en\/wp-json\/wp\/v2\/pages"}],"about":[{"href":"https:\/\/erichludwig-de.vacus.io\/en\/wp-json\/wp\/v2\/types\/page"}],"author":[{"embeddable":true,"href":"https:\/\/erichludwig-de.vacus.io\/en\/wp-json\/wp\/v2\/users\/1"}],"replies":[{"embeddable":true,"href":"https:\/\/erichludwig-de.vacus.io\/en\/wp-json\/wp\/v2\/comments?post=3995"}],"version-history":[{"count":57,"href":"https:\/\/erichludwig-de.vacus.io\/en\/wp-json\/wp\/v2\/pages\/3995\/revisions"}],"predecessor-version":[{"id":14195,"href":"https:\/\/erichludwig-de.vacus.io\/en\/wp-json\/wp\/v2\/pages\/3995\/revisions\/14195"}],"wp:attachment":[{"href":"https:\/\/erichludwig-de.vacus.io\/en\/wp-json\/wp\/v2\/media?parent=3995"}],"curies":[{"name":"wp","href":"https:\/\/api.w.org\/{rel}","templated":true}]}}