{"id":3569,"date":"2021-12-09T12:13:17","date_gmt":"2021-12-09T12:13:17","guid":{"rendered":"https:\/\/madelyn.qodeinteractive.com\/?page_id=3569"},"modified":"2024-10-06T17:55:48","modified_gmt":"2024-10-06T15:55:48","slug":"kontakt","status":"publish","type":"page","link":"https:\/\/erichludwig-de.vacus.io\/en\/kontakt","title":{"rendered":"Kontakt"},"content":{"rendered":"\t\t<div data-elementor-type=\"wp-page\" data-elementor-id=\"3569\" class=\"elementor elementor-3569\">\n\t\t\t\t\t\t<section class=\"elementor-section elementor-top-section elementor-element elementor-element-dd74319 elementor-section-full_width qodef-section-title-text-holder-yes elementor-section-height-default elementor-section-height-default qodef-elementor-content-no qodef-elementor-back-btn-skin-default qodef-section-line-animation-holder-no\" data-id=\"dd74319\" data-element_type=\"section\" data-e-type=\"section\">\n\t\t\t\t\t\t<div class=\"elementor-container elementor-column-gap-default\">\n\t\t\t\t\t<div class=\"elementor-column elementor-col-100 elementor-top-column elementor-element elementor-element-80c7eb9\" data-id=\"80c7eb9\" data-element_type=\"column\" data-e-type=\"column\">\n\t\t\t<div class=\"elementor-widget-wrap elementor-element-populated\">\n\t\t\t\t\t\t<div class=\"elementor-element elementor-element-be02c55 elementor-widget elementor-widget-image\" data-id=\"be02c55\" data-element_type=\"widget\" data-e-type=\"widget\" data-widget_type=\"image.default\">\n\t\t\t\t<div class=\"elementor-widget-container\">\n\t\t\t\t\t\t\t\t\t\t\t\t\t\t\t<img fetchpriority=\"high\" decoding=\"async\" width=\"2560\" height=\"950\" src=\"https:\/\/erichludwig-de.vacus.io\/en\/wp-content\/uploads\/2024\/07\/AdobeStock_88327186-scaled.jpeg\" class=\"attachment-full size-full wp-image-13435\" alt=\"\" srcset=\"https:\/\/erichludwig-de.vacus.io\/en\/wp-content\/uploads\/2024\/07\/AdobeStock_88327186-scaled.jpeg 2560w, https:\/\/erichludwig-de.vacus.io\/en\/wp-content\/uploads\/2024\/07\/AdobeStock_88327186-300x111.jpeg 300w, https:\/\/erichludwig-de.vacus.io\/en\/wp-content\/uploads\/2024\/07\/AdobeStock_88327186-1024x380.jpeg 1024w, https:\/\/erichludwig-de.vacus.io\/en\/wp-content\/uploads\/2024\/07\/AdobeStock_88327186-768x285.jpeg 768w, https:\/\/erichludwig-de.vacus.io\/en\/wp-content\/uploads\/2024\/07\/AdobeStock_88327186-1536x570.jpeg 1536w, https:\/\/erichludwig-de.vacus.io\/en\/wp-content\/uploads\/2024\/07\/AdobeStock_88327186-2048x760.jpeg 2048w\" sizes=\"(max-width: 2560px) 100vw, 2560px\" \/>\t\t\t\t\t\t\t\t\t\t\t\t\t\t\t<\/div>\n\t\t\t\t<\/div>\n\t\t\t\t\t<\/div>\n\t\t<\/div>\n\t\t\t\t\t<\/div>\n\t\t<\/section>\n\t\t\t\t<section class=\"elementor-section elementor-top-section elementor-element elementor-element-ccfeda6 elementor-section-full_width qodef-elementor-content-grid elementor-section-height-default elementor-section-height-default qodef-elementor-back-btn-skin-default qodef-section-title-text-holder-no qodef-section-line-animation-holder-no\" data-id=\"ccfeda6\" data-element_type=\"section\" data-e-type=\"section\">\n\t\t\t\t\t\t<div class=\"elementor-container elementor-column-gap-default\">\n\t\t\t\t\t<div class=\"elementor-column elementor-col-50 elementor-top-column elementor-element elementor-element-9c9a6ff\" data-id=\"9c9a6ff\" data-element_type=\"column\" data-e-type=\"column\">\n\t\t\t<div class=\"elementor-widget-wrap elementor-element-populated\">\n\t\t\t\t\t\t<div class=\"elementor-element elementor-element-37b8fa2 elementor-widget elementor-widget-heading\" data-id=\"37b8fa2\" data-element_type=\"widget\" data-e-type=\"widget\" data-widget_type=\"heading.default\">\n\t\t\t\t<div class=\"elementor-widget-container\">\n\t\t\t\t\t<h3 class=\"elementor-heading-title elementor-size-default\">Erich Ludwig Etuimanufaktur<\/h3>\t\t\t\t<\/div>\n\t\t\t\t<\/div>\n\t\t\t\t<div class=\"elementor-element elementor-element-2e26080 elementor-widget elementor-widget-spacer\" data-id=\"2e26080\" data-element_type=\"widget\" data-e-type=\"widget\" data-widget_type=\"spacer.default\">\n\t\t\t\t<div class=\"elementor-widget-container\">\n\t\t\t\t\t\t\t<div class=\"elementor-spacer\">\n\t\t\t<div class=\"elementor-spacer-inner\"><\/div>\n\t\t<\/div>\n\t\t\t\t\t\t<\/div>\n\t\t\t\t<\/div>\n\t\t\t\t<div class=\"elementor-element elementor-element-da2e862 elementor-widget elementor-widget-text-editor\" data-id=\"da2e862\" data-element_type=\"widget\" data-e-type=\"widget\" data-widget_type=\"text-editor.default\">\n\t\t\t\t<div class=\"elementor-widget-container\">\n\t\t\t\t\t\t\t\t\t<p style=\"text-align: center;\"><a href=\"https:\/\/maps.app.goo.gl\/G7hUotyjvMMgz1Xi8\" target=\"_blank\" rel=\"noopener\">Hammer Steindamm 62, 20535 Hamburg<\/a><\/p>\t\t\t\t\t\t\t\t<\/div>\n\t\t\t\t<\/div>\n\t\t\t\t<div class=\"elementor-element elementor-element-52e17a4 elementor-widget elementor-widget-text-editor\" data-id=\"52e17a4\" data-element_type=\"widget\" data-e-type=\"widget\" data-widget_type=\"text-editor.default\">\n\t\t\t\t<div class=\"elementor-widget-container\">\n\t\t\t\t\t\t\t\t\t<p style=\"text-align: center; font-size: 18px;\">Telefon: <a href=\"http:\/\/tel.:+4940205052\">+49 (0) 40 &#8211; 20 50 52<\/a><\/p>\t\t\t\t\t\t\t\t<\/div>\n\t\t\t\t<\/div>\n\t\t\t\t<div class=\"elementor-element elementor-element-aa21d97 elementor-widget elementor-widget-text-editor\" data-id=\"aa21d97\" data-element_type=\"widget\" data-e-type=\"widget\" data-widget_type=\"text-editor.default\">\n\t\t\t\t<div class=\"elementor-widget-container\">\n\t\t\t\t\t\t\t\t\t<p style=\"text-align: center; font-size: 18px;\">Fax: <a href=\"fax:+49402004073\">+49 (0) 40 &#8211; 200 40 73<\/a><\/p>\t\t\t\t\t\t\t\t<\/div>\n\t\t\t\t<\/div>\n\t\t\t\t<div class=\"elementor-element elementor-element-b1a30e9 elementor-widget elementor-widget-text-editor\" data-id=\"b1a30e9\" data-element_type=\"widget\" data-e-type=\"widget\" data-widget_type=\"text-editor.default\">\n\t\t\t\t<div class=\"elementor-widget-container\">\n\t\t\t\t\t\t\t\t\t<p style=\"text-align: center;\">E-Mail: <a href=\"mailto:info@erichludwig.de\">info@erichludwig.de<\/a><\/p>\t\t\t\t\t\t\t\t<\/div>\n\t\t\t\t<\/div>\n\t\t\t\t<div class=\"elementor-element elementor-element-dc75641 elementor-widget elementor-widget-spacer\" data-id=\"dc75641\" data-element_type=\"widget\" data-e-type=\"widget\" data-widget_type=\"spacer.default\">\n\t\t\t\t<div class=\"elementor-widget-container\">\n\t\t\t\t\t\t\t<div class=\"elementor-spacer\">\n\t\t\t<div class=\"elementor-spacer-inner\"><\/div>\n\t\t<\/div>\n\t\t\t\t\t\t<\/div>\n\t\t\t\t<\/div>\n\t\t\t\t<div class=\"elementor-element elementor-element-15c5a58 elementor-widget__width-auto elementor-widget elementor-widget-madelyn_core_button\" data-id=\"15c5a58\" data-element_type=\"widget\" data-e-type=\"widget\" data-widget_type=\"madelyn_core_button.default\">\n\t\t\t\t<div class=\"elementor-widget-container\">\n\t\t\t\t\t<a class=\"qodef-shortcode qodef-m  qodef-button qodef-layout--outlined  qodef-html--link qodef-btn-custom-hover-color qodef-btn-custom-hover-color\" href=\"#kontaktformular\" target=\"_self\" data-color=\"#D4AF37\" data-hover-color=\"#FFFFFF\" data-hover-background-color=\"#D4AF37\" style=\"color: #D4AF37\">\n\t<span class=\"qodef-m-text\">Kontaktformular<\/span>\n<\/a>\n\t\t\t\t<\/div>\n\t\t\t\t<\/div>\n\t\t\t\t<div class=\"elementor-element elementor-element-d673c6b elementor-widget__width-auto elementor-widget elementor-widget-madelyn_core_button\" data-id=\"d673c6b\" data-element_type=\"widget\" data-e-type=\"widget\" data-widget_type=\"madelyn_core_button.default\">\n\t\t\t\t<div class=\"elementor-widget-container\">\n\t\t\t\t\t<a class=\"qodef-shortcode qodef-m  qodef-button qodef-layout--outlined  qodef-html--link qodef-btn-custom-hover-color qodef-btn-custom-hover-color\" href=\"\/beratung\" target=\"_self\" data-color=\"#D4AF37\" data-hover-color=\"#FFFFFF\" data-hover-background-color=\"#D4AF37\" style=\"color: #D4AF37\">\n\t<span class=\"qodef-m-text\">R\u00fcckruf-Termin<\/span>\n<\/a>\n\t\t\t\t<\/div>\n\t\t\t\t<\/div>\n\t\t\t\t\t<\/div>\n\t\t<\/div>\n\t\t\t\t<div class=\"elementor-column elementor-col-50 elementor-top-column elementor-element elementor-element-f9dd6b4\" data-id=\"f9dd6b4\" data-element_type=\"column\" data-e-type=\"column\">\n\t\t\t<div class=\"elementor-widget-wrap elementor-element-populated\">\n\t\t\t\t\t\t<div class=\"elementor-element elementor-element-d434f90 elementor-widget elementor-widget-google_maps\" data-id=\"d434f90\" data-element_type=\"widget\" data-e-type=\"widget\" data-widget_type=\"google_maps.default\">\n\t\t\t\t<div class=\"elementor-widget-container\">\n\t\t\t\t\t\t\t<div class=\"elementor-custom-embed\">\n\t\t\t<iframe loading=\"lazy\"\n\t\t\t\t\tsrc=\"https:\/\/maps.google.com\/maps?q=Erich%20Ludwig%20e.%20K.%20%7C%20Etuimanufaktur%20-%20Besteckeinrichtungen%2C%20Hammer%20Steindamm%2062%2C%2020535%20Hamburg&#038;t=m&#038;z=10&#038;output=embed&#038;iwloc=near\"\n\t\t\t\t\ttitle=\"Erich Ludwig e. K. | Etuimanufaktur - Besteckeinrichtungen, Hammer Steindamm 62, 20535 Hamburg\"\n\t\t\t\t\taria-label=\"Erich Ludwig e. K. | Etuimanufaktur - Besteckeinrichtungen, Hammer Steindamm 62, 20535 Hamburg\"\n\t\t\t><\/iframe>\n\t\t<\/div>\n\t\t\t\t\t\t<\/div>\n\t\t\t\t<\/div>\n\t\t\t\t<div class=\"elementor-element elementor-element-21dd03a elementor-widget elementor-widget-qi_addons_for_elementor_business_hours\" data-id=\"21dd03a\" data-element_type=\"widget\" data-e-type=\"widget\" data-widget_type=\"qi_addons_for_elementor_business_hours.default\">\n\t\t\t\t<div class=\"elementor-widget-container\">\n\t\t\t\t\t<div class=\"qodef-shortcode qodef-m qodef-qi-business-hours qodef-layout--standard qodef-line-type--below qodef-resposive--480 qodef-text-underline\">\n\t<div class=\"qodef-m-inner\">\n\t\t\t<h5 class=\"qodef-m-subtitle\">\n\t\tGesch\u00e4ftszeiten\t<\/h5>\n\t\t\t\t\t\t<div class=\"qodef-m-items\">\n\t\t\t<div class=\"qodef-e qodef-e-item elementor-repeater-item-c9a63e5\">\n\t\t\t<div class=\"qodef-e-title-holder\">\n\t\t\t\t\t\t<h5 class=\"qodef-e-day\">\n\t\t\t\tMontag - Freitag\t\t\t<\/h5>\n\t\t<\/div>\n\t\t<div class=\"qodef-e-line\"><\/div>\n\t\t\t\t\t<p class=\"qodef-e-hours\">\n\t\t\t\t08:00 - 17:00\t\t\t<\/p>\n\t\t\t<\/div>\n<div class=\"qodef-e qodef-e-item elementor-repeater-item-1847d3e\">\n\t\t\t<div class=\"qodef-e-title-holder\">\n\t\t\t\t\t\t<h5 class=\"qodef-e-day\">\n\t\t\t\tSamstag, Sonn- und Feiertage\t\t\t<\/h5>\n\t\t<\/div>\n\t\t<div class=\"qodef-e-line\"><\/div>\n\t\t\t\t\t<p class=\"qodef-e-hours\">\n\t\t\t\tGeschlossen\t\t\t<\/p>\n\t\t\t<\/div>\n\t\t<\/div>\n\t\t\t<\/div>\n<\/div>\n\t\t\t\t<\/div>\n\t\t\t\t<\/div>\n\t\t\t\t\t<\/div>\n\t\t<\/div>\n\t\t\t\t\t<\/div>\n\t\t<\/section>\n\t\t\t\t<section class=\"elementor-section elementor-top-section elementor-element elementor-element-391889af elementor-section-full_width elementor-reverse-tablet elementor-reverse-mobile elementor-section-height-default elementor-section-height-default qodef-elementor-content-no qodef-elementor-back-btn-skin-default qodef-section-title-text-holder-no qodef-section-line-animation-holder-no\" data-id=\"391889af\" data-element_type=\"section\" data-e-type=\"section\" data-settings=\"{&quot;background_background&quot;:&quot;classic&quot;}\">\n\t\t\t\t\t\t<div class=\"elementor-container elementor-column-gap-default\">\n\t\t\t\t\t<div class=\"elementor-column elementor-col-50 elementor-top-column elementor-element elementor-element-45cac233\" data-id=\"45cac233\" data-element_type=\"column\" data-e-type=\"column\">\n\t\t\t<div class=\"elementor-widget-wrap elementor-element-populated\">\n\t\t\t\t\t\t<div class=\"elementor-element elementor-element-459e04e elementor-widget elementor-widget-menu-anchor\" data-id=\"459e04e\" data-element_type=\"widget\" data-e-type=\"widget\" data-widget_type=\"menu-anchor.default\">\n\t\t\t\t<div class=\"elementor-widget-container\">\n\t\t\t\t\t\t\t<div class=\"elementor-menu-anchor\" id=\"kontaktformular\"><\/div>\n\t\t\t\t\t\t<\/div>\n\t\t\t\t<\/div>\n\t\t\t\t<section class=\"elementor-section elementor-inner-section elementor-element elementor-element-1cc4792f elementor-section-full_width elementor-section-height-default elementor-section-height-default qodef-elementor-content-no qodef-elementor-back-btn-skin-default qodef-section-title-text-holder-no qodef-section-line-animation-holder-no\" data-id=\"1cc4792f\" data-element_type=\"section\" data-e-type=\"section\">\n\t\t\t\t\t\t<div class=\"elementor-container elementor-column-gap-default\">\n\t\t\t\t\t<div class=\"elementor-column elementor-col-100 elementor-inner-column elementor-element elementor-element-3793add1\" data-id=\"3793add1\" data-element_type=\"column\" data-e-type=\"column\">\n\t\t\t<div class=\"elementor-widget-wrap elementor-element-populated\">\n\t\t\t\t\t\t<div class=\"elementor-element elementor-element-232bb17e elementor-widget elementor-widget-heading\" data-id=\"232bb17e\" data-element_type=\"widget\" data-e-type=\"widget\" data-widget_type=\"heading.default\">\n\t\t\t\t<div class=\"elementor-widget-container\">\n\t\t\t\t\t<h3 class=\"elementor-heading-title elementor-size-default\">Wir sind f\u00fcr Sie da!<\/h3>\t\t\t\t<\/div>\n\t\t\t\t<\/div>\n\t\t\t\t<div class=\"elementor-element elementor-element-69fd443 elementor-widget__width-inherit elementor-widget elementor-widget-text-editor\" data-id=\"69fd443\" data-element_type=\"widget\" data-e-type=\"widget\" data-widget_type=\"text-editor.default\">\n\t\t\t\t<div class=\"elementor-widget-container\">\n\t\t\t\t\t\t\t\t\t<p><span style=\"vertical-align: inherit;\"><span style=\"vertical-align: inherit;\">Sie interessieren sich f\u00fcr unsere Produkte oder haben Fragen zu Ihrem Auftrag?<\/span><\/span><\/p>\t\t\t\t\t\t\t\t<\/div>\n\t\t\t\t<\/div>\n\t\t\t\t<div class=\"elementor-element elementor-element-7d6a87a3 elementor-widget elementor-widget-spacer\" data-id=\"7d6a87a3\" data-element_type=\"widget\" data-e-type=\"widget\" data-widget_type=\"spacer.default\">\n\t\t\t\t<div class=\"elementor-widget-container\">\n\t\t\t\t\t\t\t<div class=\"elementor-spacer\">\n\t\t\t<div class=\"elementor-spacer-inner\"><\/div>\n\t\t<\/div>\n\t\t\t\t\t\t<\/div>\n\t\t\t\t<\/div>\n\t\t\t\t<div class=\"elementor-element elementor-element-4ce4dd2 elementor-widget elementor-widget-wp-widget-madelyn_core_contact_form_7\" data-id=\"4ce4dd2\" data-element_type=\"widget\" data-e-type=\"widget\" data-widget_type=\"wp-widget-madelyn_core_contact_form_7.default\">\n\t\t\t\t<div class=\"elementor-widget-container\">\n\t\t\t\t\t\t\t\t<div class=\"qodef-contact-form-7\">\n\t\t\t\t\n<div class=\"wpcf7 no-js\" id=\"wpcf7-f13491-o1\" lang=\"de-DE\" dir=\"ltr\" data-wpcf7-id=\"13491\">\n<div class=\"screen-reader-response\"><p role=\"status\" aria-live=\"polite\" aria-atomic=\"true\"><\/p> <ul><\/ul><\/div>\n<form action=\"\/en\/wp-json\/wp\/v2\/pages\/3569#wpcf7-f13491-o1\" method=\"post\" class=\"wpcf7-form init cf7mls-no-scroll cf7mls-auto-return-first-step cf7mls-no-moving-animation\" aria-label=\"Kontaktformular\" novalidate=\"novalidate\" data-status=\"init\">\n<fieldset class=\"hidden-fields-container\"><input type=\"hidden\" name=\"_wpcf7\" value=\"13491\" \/><input type=\"hidden\" name=\"_wpcf7_version\" value=\"6.1.5\" \/><input type=\"hidden\" name=\"_wpcf7_locale\" value=\"de_DE\" \/><input type=\"hidden\" name=\"_wpcf7_unit_tag\" value=\"wpcf7-f13491-o1\" \/><input type=\"hidden\" name=\"_wpcf7_container_post\" value=\"0\" \/><input type=\"hidden\" name=\"_wpcf7_posted_data_hash\" value=\"\" \/><input type=\"hidden\" name=\"_wpcf7_recaptcha_response\" value=\"\" \/>\n<\/fieldset>\n<label> Ihr Name\n    <span class=\"wpcf7-form-control-wrap\" data-name=\"your-name\"><input size=\"40\" maxlength=\"400\" class=\"wpcf7-form-control wpcf7-text wpcf7-validates-as-required\" autocomplete=\"name\" aria-required=\"true\" aria-invalid=\"false\" value=\"\" type=\"text\" name=\"your-name\" \/><\/span> <\/label>\n\n<label> Unternehmen (optional)\n    <span class=\"wpcf7-form-control-wrap\" data-name=\"text-390\"><input size=\"40\" maxlength=\"400\" class=\"wpcf7-form-control wpcf7-text\" aria-invalid=\"false\" value=\"\" type=\"text\" name=\"text-390\" \/><\/span> <\/label>\n\n<label> Ihre Telefonnummer\n    <span class=\"wpcf7-form-control-wrap\" data-name=\"tel-775\"><input size=\"40\" maxlength=\"400\" class=\"wpcf7-form-control wpcf7-tel wpcf7-validates-as-required wpcf7-text wpcf7-validates-as-tel\" aria-required=\"true\" aria-invalid=\"false\" value=\"\" type=\"tel\" name=\"tel-775\" \/><\/span> <\/label>\n\n<label> Ihre E-Mail-Adresse\n    <span class=\"wpcf7-form-control-wrap\" data-name=\"your-email\"><input size=\"40\" maxlength=\"400\" class=\"wpcf7-form-control wpcf7-email wpcf7-validates-as-required wpcf7-text wpcf7-validates-as-email\" autocomplete=\"email\" aria-required=\"true\" aria-invalid=\"false\" value=\"\" type=\"email\" name=\"your-email\" \/><\/span> <\/label>\n\n<label> Ihr Anliegen (optional)\n    <span class=\"wpcf7-form-control-wrap\" data-name=\"checkbox-854\"><span class=\"wpcf7-form-control wpcf7-checkbox\"><span class=\"wpcf7-list-item first\"><label><input type=\"checkbox\" name=\"checkbox-854[]\" value=\"Fragen zu den Produkten\" \/><span class=\"wpcf7-list-item-label\">Fragen zu den Produkten<\/span><\/label><\/span><span class=\"wpcf7-list-item\"><label><input type=\"checkbox\" name=\"checkbox-854[]\" value=\"Interesse an einem Auftrag\" \/><span class=\"wpcf7-list-item-label\">Interesse an einem Auftrag<\/span><\/label><\/span><span class=\"wpcf7-list-item last\"><label><input type=\"checkbox\" name=\"checkbox-854[]\" value=\"Fragen zu einem Auftrag\" \/><span class=\"wpcf7-list-item-label\">Fragen zu einem Auftrag<\/span><\/label><\/span><\/span><\/span> <\/label>\n\n<label> Ihre Nachricht (optional)\n    <span class=\"wpcf7-form-control-wrap\" data-name=\"your-message\"><textarea cols=\"40\" rows=\"10\" maxlength=\"2000\" class=\"wpcf7-form-control wpcf7-textarea\" aria-invalid=\"false\" name=\"your-message\"><\/textarea><\/span> <\/label>\n\n<button class=\"wpcf7-form-control wpcf7-submit qodef-button qodef-size--normal qodef-layout--filled qodef-m\" type=\"submit\"><span class=\"qodef-m-text\">Senden<\/span><\/button><div class=\"wpcf7-response-output\" aria-hidden=\"true\"><\/div>\n<\/form>\n<\/div>\n\t\t\t<\/div>\n\t\t\t\t\t\t\t<\/div>\n\t\t\t\t<\/div>\n\t\t\t\t\t<\/div>\n\t\t<\/div>\n\t\t\t\t\t<\/div>\n\t\t<\/section>\n\t\t\t\t\t<\/div>\n\t\t<\/div>\n\t\t\t\t<div class=\"elementor-column elementor-col-50 elementor-top-column elementor-element elementor-element-1caf7283\" data-id=\"1caf7283\" data-element_type=\"column\" data-e-type=\"column\">\n\t\t\t<div class=\"elementor-widget-wrap elementor-element-populated\">\n\t\t\t\t\t\t<div class=\"elementor-element elementor-element-a067f1f elementor-widget elementor-widget-image\" data-id=\"a067f1f\" data-element_type=\"widget\" data-e-type=\"widget\" data-widget_type=\"image.default\">\n\t\t\t\t<div class=\"elementor-widget-container\">\n\t\t\t\t\t\t\t\t\t\t\t\t\t\t\t<img decoding=\"async\" width=\"650\" height=\"650\" src=\"https:\/\/erichludwig-de.vacus.io\/en\/wp-content\/uploads\/2024\/07\/andreas-r-ludwig-seit-2000-650x650.jpg\" class=\"attachment-madelyn_core_image_size_square size-madelyn_core_image_size_square wp-image-13404\" alt=\"\" srcset=\"https:\/\/erichludwig-de.vacus.io\/en\/wp-content\/uploads\/2024\/07\/andreas-r-ludwig-seit-2000-650x650.jpg 650w, https:\/\/erichludwig-de.vacus.io\/en\/wp-content\/uploads\/2024\/07\/andreas-r-ludwig-seit-2000-150x150.jpg 150w, https:\/\/erichludwig-de.vacus.io\/en\/wp-content\/uploads\/2024\/07\/andreas-r-ludwig-seit-2000-1300x1300.jpg 1300w\" sizes=\"(max-width: 650px) 100vw, 650px\" \/>\t\t\t\t\t\t\t\t\t\t\t\t\t\t\t<\/div>\n\t\t\t\t<\/div>\n\t\t\t\t\t<\/div>\n\t\t<\/div>\n\t\t\t\t\t<\/div>\n\t\t<\/section>\n\t\t<div class=\"elementor-element elementor-element-87e77fd e-con-full e-flex e-con e-parent\" data-id=\"87e77fd\" data-element_type=\"container\" data-e-type=\"container\" data-settings=\"{&quot;background_background&quot;:&quot;gradient&quot;}\">\n\t\t\t\t<div class=\"elementor-element elementor-element-784b309 elementor-widget elementor-widget-spacer\" data-id=\"784b309\" data-element_type=\"widget\" data-e-type=\"widget\" data-widget_type=\"spacer.default\">\n\t\t\t\t<div class=\"elementor-widget-container\">\n\t\t\t\t\t\t\t<div class=\"elementor-spacer\">\n\t\t\t<div class=\"elementor-spacer-inner\"><\/div>\n\t\t<\/div>\n\t\t\t\t\t\t<\/div>\n\t\t\t\t<\/div>\n\t\t\t\t<\/div>\n\t\t\t\t<\/div>\n\t\t","protected":false},"excerpt":{"rendered":"<p>Erich Ludwig Etuimanufaktur Hammer Steindamm 62, 20535 Hamburg Telefon: +49 (0) 40 &#8211; 20 50 52 Fax: +49 (0) 40 &#8211; 200 40 73 E-Mail: info@erichludwig.de Kontaktformular R\u00fcckruf-Termin Gesch\u00e4ftszeiten Montag &#8211; Freitag 08:00 &#8211; 17:00 Samstag, Sonn- und Feiertage Geschlossen Wir sind f\u00fcr Sie da! Sie interessieren sich f\u00fcr unsere Produkte oder haben Fragen zu [&hellip;]<\/p>\n","protected":false},"author":1,"featured_media":0,"parent":0,"menu_order":0,"comment_status":"closed","ping_status":"closed","template":"page-full-width.php","meta":{"footnotes":""},"class_list":["post-3569","page","type-page","status-publish","hentry"],"jetpack_sharing_enabled":true,"_links":{"self":[{"href":"https:\/\/erichludwig-de.vacus.io\/en\/wp-json\/wp\/v2\/pages\/3569","targetHints":{"allow":["GET"]}}],"collection":[{"href":"https:\/\/erichludwig-de.vacus.io\/en\/wp-json\/wp\/v2\/pages"}],"about":[{"href":"https:\/\/erichludwig-de.vacus.io\/en\/wp-json\/wp\/v2\/types\/page"}],"author":[{"embeddable":true,"href":"https:\/\/erichludwig-de.vacus.io\/en\/wp-json\/wp\/v2\/users\/1"}],"replies":[{"embeddable":true,"href":"https:\/\/erichludwig-de.vacus.io\/en\/wp-json\/wp\/v2\/comments?post=3569"}],"version-history":[{"count":109,"href":"https:\/\/erichludwig-de.vacus.io\/en\/wp-json\/wp\/v2\/pages\/3569\/revisions"}],"predecessor-version":[{"id":14136,"href":"https:\/\/erichludwig-de.vacus.io\/en\/wp-json\/wp\/v2\/pages\/3569\/revisions\/14136"}],"wp:attachment":[{"href":"https:\/\/erichludwig-de.vacus.io\/en\/wp-json\/wp\/v2\/media?parent=3569"}],"curies":[{"name":"wp","href":"https:\/\/api.w.org\/{rel}","templated":true}]}}