{"id":14167,"date":"2024-10-06T19:02:38","date_gmt":"2024-10-06T17:02:38","guid":{"rendered":"https:\/\/erichludwig.vacus.io\/en\/?page_id=14167"},"modified":"2024-10-06T20:12:30","modified_gmt":"2024-10-06T18:12:30","slug":"referenzen","status":"publish","type":"page","link":"https:\/\/erichludwig-de.vacus.io\/en\/referenzen","title":{"rendered":"Referenzen"},"content":{"rendered":"\t\t<div data-elementor-type=\"wp-page\" data-elementor-id=\"14167\" class=\"elementor elementor-14167\">\n\t\t\t\t<div class=\"elementor-element elementor-element-79c209a3 e-con-full e-flex e-con e-parent\" data-id=\"79c209a3\" data-element_type=\"container\" data-e-type=\"container\">\n\t\t\t\t<div class=\"elementor-element elementor-element-61c2c7fc elementor-widget__width-auto elementor-widget elementor-widget-text-editor\" data-id=\"61c2c7fc\" data-element_type=\"widget\" data-e-type=\"widget\" data-widget_type=\"text-editor.default\">\n\t\t\t\t<div class=\"elementor-widget-container\">\n\t\t\t\t\t\t\t\t\t<p>Seit 1887 steht die Erich Ludwig Etuimanufaktur aus Hamburg f\u00fcr herausragende Handwerkskunst und Qualit\u00e4t.<\/p><p>Als international t\u00e4tiges Unternehmen fertigen wir ma\u00dfgeschneiderte Produkte in den Bereichen Etuis, Koffer, Besteckk\u00e4sten, Schmuckpr\u00e4sentation, Galley- und Yacht-Einbauten sowie Wohn-Interior und Tresor-Einbauten.<\/p><p>Unser Portfolio umfasst namhafte Kunden wie den Axel Springer Verlag, Juwelier Wempe, Ip20. Die Einrichtung GmbH, Juwelier Hansen aus Hamburg, die Freie und Hansestadt Hamburg f\u00fcr Ehrungs- und Ordensangelegenheiten, das Hotel Vier Jahreszeiten, Lufthansa Technik und Montblanc. Erfahren Sie mehr \u00fcber unsere erfolgreichen Projekte und lassen Sie sich von unseren Referenzen \u00fcberzeugen.<\/p>\t\t\t\t\t\t\t\t<\/div>\n\t\t\t\t<\/div>\n\t\t\t\t<div class=\"elementor-element elementor-element-40b932e elementor-widget__width-auto elementor-widget elementor-widget-madelyn_core_clients_list\" data-id=\"40b932e\" data-element_type=\"widget\" data-e-type=\"widget\" data-widget_type=\"madelyn_core_clients_list.default\">\n\t\t\t\t<div class=\"elementor-widget-container\">\n\t\t\t\t\t<div class=\"qodef-shortcode qodef-m  qodef-clients-list qodef-grid qodef-layout--columns  qodef-gutter--large qodef-col-num--4 qodef-item-layout--image-only qodef-responsive--predefined qodef-hover-animation--fade-in\">\n\t<div class=\"qodef-grid-inner clear\">\n\t\t<span class=\"qodef-e qodef-grid-item \">\n\t<span class=\"qodef-e-inner\">\n\t\t\t<span class=\"qodef-e-image\">\n\t\t\t\t\t<a itemprop=\"url\" href=\"https:\/\/www.axelspringer.com\/de\/\" target=\"_blank\" rel=\"noopener\">\n\t\t\t\t\t\t\t\t\t<span class=\"qodef-e-logo\">\n\t\t\t\t\t<img fetchpriority=\"high\" decoding=\"async\" width=\"2560\" height=\"341\" src=\"https:\/\/erichludwig-de.vacus.io\/en\/wp-content\/uploads\/2024\/07\/1e72140c-36a5-4776-ab71-003ac54e06e1.png\" class=\"attachment-full size-full\" alt=\"\" srcset=\"https:\/\/erichludwig-de.vacus.io\/en\/wp-content\/uploads\/2024\/07\/1e72140c-36a5-4776-ab71-003ac54e06e1.png 2560w, https:\/\/erichludwig-de.vacus.io\/en\/wp-content\/uploads\/2024\/07\/1e72140c-36a5-4776-ab71-003ac54e06e1-300x40.png 300w, https:\/\/erichludwig-de.vacus.io\/en\/wp-content\/uploads\/2024\/07\/1e72140c-36a5-4776-ab71-003ac54e06e1-1024x136.png 1024w, https:\/\/erichludwig-de.vacus.io\/en\/wp-content\/uploads\/2024\/07\/1e72140c-36a5-4776-ab71-003ac54e06e1-768x102.png 768w, https:\/\/erichludwig-de.vacus.io\/en\/wp-content\/uploads\/2024\/07\/1e72140c-36a5-4776-ab71-003ac54e06e1-1536x205.png 1536w, https:\/\/erichludwig-de.vacus.io\/en\/wp-content\/uploads\/2024\/07\/1e72140c-36a5-4776-ab71-003ac54e06e1-2048x273.png 2048w\" sizes=\"(max-width: 2560px) 100vw, 2560px\" \/>\t\t\t\t<\/span>\n\t\t\t\t\t\t\t\t\t\t<span class=\"qodef-e-hover-logo\">\n\t\t\t\t\t<img decoding=\"async\" width=\"2560\" height=\"341\" src=\"https:\/\/erichludwig-de.vacus.io\/en\/wp-content\/uploads\/2024\/07\/2560px-Logo_Axel_Springer_SE.svg_.png\" class=\"attachment-full size-full\" alt=\"\" srcset=\"https:\/\/erichludwig-de.vacus.io\/en\/wp-content\/uploads\/2024\/07\/2560px-Logo_Axel_Springer_SE.svg_.png 2560w, https:\/\/erichludwig-de.vacus.io\/en\/wp-content\/uploads\/2024\/07\/2560px-Logo_Axel_Springer_SE.svg_-300x40.png 300w, https:\/\/erichludwig-de.vacus.io\/en\/wp-content\/uploads\/2024\/07\/2560px-Logo_Axel_Springer_SE.svg_-1024x136.png 1024w, https:\/\/erichludwig-de.vacus.io\/en\/wp-content\/uploads\/2024\/07\/2560px-Logo_Axel_Springer_SE.svg_-768x102.png 768w, https:\/\/erichludwig-de.vacus.io\/en\/wp-content\/uploads\/2024\/07\/2560px-Logo_Axel_Springer_SE.svg_-1536x205.png 1536w, https:\/\/erichludwig-de.vacus.io\/en\/wp-content\/uploads\/2024\/07\/2560px-Logo_Axel_Springer_SE.svg_-2048x273.png 2048w\" sizes=\"(max-width: 2560px) 100vw, 2560px\" \/>\t\t\t\t<\/span>\n\t\t\t\t\t\t\t\t<\/a>\n\t\t\t<\/span>\n\t<\/span>\n<\/span>\n<span class=\"qodef-e qodef-grid-item \">\n\t<span class=\"qodef-e-inner\">\n\t\t\t<span class=\"qodef-e-image\">\n\t\t\t\t\t<a itemprop=\"url\" href=\"https:\/\/www.hamburg.de\" target=\"_blank\" rel=\"noopener\">\n\t\t\t\t\t\t\t\t\t<span class=\"qodef-e-logo\">\n\t\t\t\t\t<img decoding=\"async\" width=\"2000\" height=\"914\" src=\"https:\/\/erichludwig-de.vacus.io\/en\/wp-content\/uploads\/2024\/07\/8424eef6-fbd6-45f1-bc0b-60562143f375.png\" class=\"attachment-full size-full\" alt=\"\" srcset=\"https:\/\/erichludwig-de.vacus.io\/en\/wp-content\/uploads\/2024\/07\/8424eef6-fbd6-45f1-bc0b-60562143f375.png 2000w, https:\/\/erichludwig-de.vacus.io\/en\/wp-content\/uploads\/2024\/07\/8424eef6-fbd6-45f1-bc0b-60562143f375-300x137.png 300w, https:\/\/erichludwig-de.vacus.io\/en\/wp-content\/uploads\/2024\/07\/8424eef6-fbd6-45f1-bc0b-60562143f375-1024x468.png 1024w, https:\/\/erichludwig-de.vacus.io\/en\/wp-content\/uploads\/2024\/07\/8424eef6-fbd6-45f1-bc0b-60562143f375-768x351.png 768w, https:\/\/erichludwig-de.vacus.io\/en\/wp-content\/uploads\/2024\/07\/8424eef6-fbd6-45f1-bc0b-60562143f375-1536x702.png 1536w\" sizes=\"(max-width: 2000px) 100vw, 2000px\" \/>\t\t\t\t<\/span>\n\t\t\t\t\t\t\t\t\t\t<span class=\"qodef-e-hover-logo\">\n\t\t\t\t\t<img loading=\"lazy\" decoding=\"async\" width=\"2000\" height=\"914\" src=\"https:\/\/erichludwig-de.vacus.io\/en\/wp-content\/uploads\/2024\/07\/Hamburg-logo.svg_.png\" class=\"attachment-full size-full\" alt=\"\" srcset=\"https:\/\/erichludwig-de.vacus.io\/en\/wp-content\/uploads\/2024\/07\/Hamburg-logo.svg_.png 2000w, https:\/\/erichludwig-de.vacus.io\/en\/wp-content\/uploads\/2024\/07\/Hamburg-logo.svg_-300x137.png 300w, https:\/\/erichludwig-de.vacus.io\/en\/wp-content\/uploads\/2024\/07\/Hamburg-logo.svg_-1024x468.png 1024w, https:\/\/erichludwig-de.vacus.io\/en\/wp-content\/uploads\/2024\/07\/Hamburg-logo.svg_-768x351.png 768w, https:\/\/erichludwig-de.vacus.io\/en\/wp-content\/uploads\/2024\/07\/Hamburg-logo.svg_-1536x702.png 1536w\" sizes=\"(max-width: 2000px) 100vw, 2000px\" \/>\t\t\t\t<\/span>\n\t\t\t\t\t\t\t\t<\/a>\n\t\t\t<\/span>\n\t<\/span>\n<\/span>\n<span class=\"qodef-e qodef-grid-item \">\n\t<span class=\"qodef-e-inner\">\n\t\t\t<span class=\"qodef-e-image\">\n\t\t\t\t\t<a itemprop=\"url\" href=\"https:\/\/hvj.de\/\" target=\"_blank\" rel=\"noopener\">\n\t\t\t\t\t\t\t\t\t<span class=\"qodef-e-logo\">\n\t\t\t\t\t<img loading=\"lazy\" decoding=\"async\" width=\"250\" height=\"180\" src=\"https:\/\/erichludwig-de.vacus.io\/en\/wp-content\/uploads\/2024\/07\/c3475f9b-6bf7-47e5-89e9-d096c219e3fe.png\" class=\"attachment-full size-full\" alt=\"\" \/>\t\t\t\t<\/span>\n\t\t\t\t\t\t\t\t\t\t<span class=\"qodef-e-hover-logo\">\n\t\t\t\t\t<img loading=\"lazy\" decoding=\"async\" width=\"250\" height=\"180\" src=\"https:\/\/erichludwig-de.vacus.io\/en\/wp-content\/uploads\/2024\/07\/HVJ-Hamburg-Logo-02.png\" class=\"attachment-full size-full\" alt=\"\" \/>\t\t\t\t<\/span>\n\t\t\t\t\t\t\t\t<\/a>\n\t\t\t<\/span>\n\t<\/span>\n<\/span>\n<span class=\"qodef-e qodef-grid-item \">\n\t<span class=\"qodef-e-inner\">\n\t\t\t<span class=\"qodef-e-image\">\n\t\t\t\t\t<a itemprop=\"url\" href=\"https:\/\/www.lufthansa-technik.com\/\" target=\"_blank\" rel=\"noopener\">\n\t\t\t\t\t\t\t\t\t<span class=\"qodef-e-logo\">\n\t\t\t\t\t<img loading=\"lazy\" decoding=\"async\" width=\"422\" height=\"292\" src=\"https:\/\/erichludwig-de.vacus.io\/en\/wp-content\/uploads\/2024\/07\/13a84535-bccd-4408-9138-7e54d351ded5.png\" class=\"attachment-full size-full\" alt=\"\" srcset=\"https:\/\/erichludwig-de.vacus.io\/en\/wp-content\/uploads\/2024\/07\/13a84535-bccd-4408-9138-7e54d351ded5.png 422w, https:\/\/erichludwig-de.vacus.io\/en\/wp-content\/uploads\/2024\/07\/13a84535-bccd-4408-9138-7e54d351ded5-300x208.png 300w\" sizes=\"(max-width: 422px) 100vw, 422px\" \/>\t\t\t\t<\/span>\n\t\t\t\t\t\t\t\t\t\t<span class=\"qodef-e-hover-logo\">\n\t\t\t\t\t<img loading=\"lazy\" decoding=\"async\" width=\"422\" height=\"292\" src=\"https:\/\/erichludwig-de.vacus.io\/en\/wp-content\/uploads\/2024\/07\/LufthansaTechnik_422x292_0.png\" class=\"attachment-full size-full\" alt=\"\" srcset=\"https:\/\/erichludwig-de.vacus.io\/en\/wp-content\/uploads\/2024\/07\/LufthansaTechnik_422x292_0.png 422w, https:\/\/erichludwig-de.vacus.io\/en\/wp-content\/uploads\/2024\/07\/LufthansaTechnik_422x292_0-300x208.png 300w\" sizes=\"(max-width: 422px) 100vw, 422px\" \/>\t\t\t\t<\/span>\n\t\t\t\t\t\t\t\t<\/a>\n\t\t\t<\/span>\n\t<\/span>\n<\/span>\n\t<\/div>\n<\/div>\n\t\t\t\t<\/div>\n\t\t\t\t<\/div>\n\t\t\t\t<div class=\"elementor-element elementor-element-106992be elementor-widget__width-auto elementor-hidden-desktop elementor-hidden-tablet elementor-hidden-mobile elementor-widget elementor-widget-madelyn_core_portfolio_list\" data-id=\"106992be\" data-element_type=\"widget\" data-e-type=\"widget\" data-widget_type=\"madelyn_core_portfolio_list.default\">\n\t\t\t\t<div class=\"elementor-widget-container\">\n\t\t\t\t\t<div class=\"qodef-shortcode qodef-m referenzen qodef-portfolio-list qodef-item-layout--info-on-image qodef--has-articles-appear-animation qodef-grid qodef-layout--masonry qodef-items--fixed qodef-gutter--medium qodef-col-num--3 qodef-item-layout--info-on-image qodef-pagination--on qodef-pagination-type--load-more qodef-responsive--custom qodef-col-num--1440--3 qodef-col-num--1366--3 qodef-col-num--1024--3 qodef-col-num--768--1 qodef-col-num--680--1 qodef-col-num--480--1\" data-options=\"{&quot;plugin&quot;:&quot;madelyn_core&quot;,&quot;module&quot;:&quot;post-types\\\/portfolio\\\/shortcodes&quot;,&quot;shortcode&quot;:&quot;portfolio-list&quot;,&quot;post_type&quot;:&quot;portfolio-item&quot;,&quot;next_page&quot;:&quot;2&quot;,&quot;custom_class&quot;:&quot;referenzen&quot;,&quot;enable_article_animation&quot;:&quot;yes&quot;,&quot;behavior&quot;:&quot;masonry&quot;,&quot;masonry_images_proportion&quot;:&quot;fixed&quot;,&quot;columns&quot;:&quot;3&quot;,&quot;columns_responsive&quot;:&quot;custom&quot;,&quot;columns_1440&quot;:&quot;3&quot;,&quot;columns_1366&quot;:&quot;3&quot;,&quot;columns_1024&quot;:&quot;3&quot;,&quot;columns_768&quot;:&quot;1&quot;,&quot;columns_680&quot;:&quot;1&quot;,&quot;columns_480&quot;:&quot;1&quot;,&quot;space&quot;:&quot;medium&quot;,&quot;posts_per_page&quot;:&quot;8&quot;,&quot;orderby&quot;:&quot;title&quot;,&quot;order&quot;:&quot;ASC&quot;,&quot;additional_params&quot;:&quot;tax&quot;,&quot;tax&quot;:&quot;portfolio-category&quot;,&quot;tax_slug&quot;:&quot;referenzen&quot;,&quot;layout&quot;:&quot;info-on-image&quot;,&quot;hover_animation_image-on-hover&quot;:&quot;change-image&quot;,&quot;hover_animation_info-below&quot;:&quot;overlay&quot;,&quot;hover_animation_info-follow&quot;:&quot;follow&quot;,&quot;hover_animation_info-on-hover&quot;:&quot;fade-in&quot;,&quot;title_tag&quot;:&quot;h4&quot;,&quot;text_transform&quot;:&quot;uppercase&quot;,&quot;custom_margin&quot;:&quot;no&quot;,&quot;enable_filter&quot;:&quot;no&quot;,&quot;pagination_type&quot;:&quot;load-more&quot;,&quot;object_class_name&quot;:&quot;MadelynCore_Portfolio_List_Shortcode&quot;,&quot;taxonomy_filter&quot;:&quot;portfolio-category&quot;,&quot;additional_query_args&quot;:{&quot;tax_query&quot;:[{&quot;taxonomy&quot;:&quot;portfolio-category&quot;,&quot;field&quot;:&quot;slug&quot;,&quot;terms&quot;:&quot;referenzen&quot;}]},&quot;space_value&quot;:20}\">\n\t\t<div class=\"qodef-grid-inner clear\">\n\t\t\t<div class=\"qodef-grid-masonry-sizer\"><\/div>\n\t<div class=\"qodef-grid-masonry-gutter\"><\/div>\n<p class=\"qodef-m-posts-not-found qodef-grid-item\">No posts were found for provided query parameters.<\/p>\n\t<\/div>\n\t<\/div>\n\t\t\t\t<\/div>\n\t\t\t\t<\/div>\n\t\t\t\t<\/div>\n\t\t\t\t<\/div>\n\t\t","protected":false},"excerpt":{"rendered":"<p>Seit 1887 steht die Erich Ludwig Etuimanufaktur aus Hamburg f\u00fcr herausragende Handwerkskunst und Qualit\u00e4t. Als international t\u00e4tiges Unternehmen fertigen wir ma\u00dfgeschneiderte Produkte in den Bereichen Etuis, Koffer, Besteckk\u00e4sten, Schmuckpr\u00e4sentation, Galley- und Yacht-Einbauten sowie Wohn-Interior und Tresor-Einbauten. Unser Portfolio umfasst namhafte Kunden wie den Axel Springer Verlag, Juwelier Wempe, Ip20. Die Einrichtung GmbH, Juwelier Hansen aus [&hellip;]<\/p>\n","protected":false},"author":1,"featured_media":0,"parent":0,"menu_order":0,"comment_status":"closed","ping_status":"closed","template":"","meta":{"footnotes":""},"class_list":["post-14167","page","type-page","status-publish","hentry"],"jetpack_sharing_enabled":true,"_links":{"self":[{"href":"https:\/\/erichludwig-de.vacus.io\/en\/wp-json\/wp\/v2\/pages\/14167","targetHints":{"allow":["GET"]}}],"collection":[{"href":"https:\/\/erichludwig-de.vacus.io\/en\/wp-json\/wp\/v2\/pages"}],"about":[{"href":"https:\/\/erichludwig-de.vacus.io\/en\/wp-json\/wp\/v2\/types\/page"}],"author":[{"embeddable":true,"href":"https:\/\/erichludwig-de.vacus.io\/en\/wp-json\/wp\/v2\/users\/1"}],"replies":[{"embeddable":true,"href":"https:\/\/erichludwig-de.vacus.io\/en\/wp-json\/wp\/v2\/comments?post=14167"}],"version-history":[{"count":10,"href":"https:\/\/erichludwig-de.vacus.io\/en\/wp-json\/wp\/v2\/pages\/14167\/revisions"}],"predecessor-version":[{"id":14181,"href":"https:\/\/erichludwig-de.vacus.io\/en\/wp-json\/wp\/v2\/pages\/14167\/revisions\/14181"}],"wp:attachment":[{"href":"https:\/\/erichludwig-de.vacus.io\/en\/wp-json\/wp\/v2\/media?parent=14167"}],"curies":[{"name":"wp","href":"https:\/\/api.w.org\/{rel}","templated":true}]}}