{"id":14052,"date":"2024-10-03T19:58:51","date_gmt":"2024-10-03T17:58:51","guid":{"rendered":"https:\/\/erichludwig.vacus.io\/en\/?page_id=14052"},"modified":"2024-10-06T18:54:08","modified_gmt":"2024-10-06T16:54:08","slug":"schmuckpraesentation","status":"publish","type":"page","link":"https:\/\/erichludwig-de.vacus.io\/en\/products\/schmuckpraesentation","title":{"rendered":"Schmuckpr\u00e4sentation"},"content":{"rendered":"\t\t<div data-elementor-type=\"wp-page\" data-elementor-id=\"14052\" class=\"elementor elementor-14052\">\n\t\t\t\t<div class=\"elementor-element elementor-element-48793c96 e-con-full e-flex e-con e-parent\" data-id=\"48793c96\" data-element_type=\"container\" data-e-type=\"container\">\n\t\t\t\t<div class=\"elementor-element elementor-element-58a7a24f elementor-widget__width-inherit elementor-widget elementor-widget-text-editor\" data-id=\"58a7a24f\" data-element_type=\"widget\" data-e-type=\"widget\" data-widget_type=\"text-editor.default\">\n\t\t\t\t<div class=\"elementor-widget-container\">\n\t\t\t\t\t\t\t\t\t<h6><span style=\"vertical-align: inherit;\"><span style=\"vertical-align: inherit;\"><span style=\"vertical-align: inherit;\"><span style=\"vertical-align: inherit;\"><span style=\"vertical-align: inherit;\"><span style=\"vertical-align: inherit;\"><span style=\"vertical-align: inherit;\"><span style=\"vertical-align: inherit;\">Schmuckpr\u00e4sentationen sowohl f\u00fcr Privat- als auch f\u00fcr Gesch\u00e4ftskunden aus der Erich Ludwig Etuimanufaktur seit 1887<\/span><\/span><\/span><\/span><\/span><\/span><\/span><\/span><\/h6>\t\t\t\t\t\t\t\t<\/div>\n\t\t\t\t<\/div>\n\t\t\t\t<div class=\"elementor-element elementor-element-46f0ada7 elementor-widget__width-auto elementor-widget elementor-widget-madelyn_core_portfolio_list\" data-id=\"46f0ada7\" data-element_type=\"widget\" data-e-type=\"widget\" data-widget_type=\"madelyn_core_portfolio_list.default\">\n\t\t\t\t<div class=\"elementor-widget-container\">\n\t\t\t\t\t<div class=\"qodef-shortcode qodef-m schmuckpraesentation qodef-portfolio-list qodef-item-layout--info-on-image qodef--has-articles-appear-animation qodef-grid qodef-layout--masonry qodef-items--fixed qodef-gutter--medium qodef-col-num--3 qodef-item-layout--info-on-image qodef-pagination--on qodef-pagination-type--load-more qodef-responsive--custom qodef-col-num--1440--3 qodef-col-num--1366--3 qodef-col-num--1024--3 qodef-col-num--768--1 qodef-col-num--680--1 qodef-col-num--480--1\" data-options=\"{&quot;plugin&quot;:&quot;madelyn_core&quot;,&quot;module&quot;:&quot;post-types\\\/portfolio\\\/shortcodes&quot;,&quot;shortcode&quot;:&quot;portfolio-list&quot;,&quot;post_type&quot;:&quot;portfolio-item&quot;,&quot;next_page&quot;:&quot;2&quot;,&quot;max_pages_num&quot;:1,&quot;custom_class&quot;:&quot;schmuckpraesentation&quot;,&quot;enable_article_animation&quot;:&quot;yes&quot;,&quot;behavior&quot;:&quot;masonry&quot;,&quot;masonry_images_proportion&quot;:&quot;fixed&quot;,&quot;columns&quot;:&quot;3&quot;,&quot;columns_responsive&quot;:&quot;custom&quot;,&quot;columns_1440&quot;:&quot;3&quot;,&quot;columns_1366&quot;:&quot;3&quot;,&quot;columns_1024&quot;:&quot;3&quot;,&quot;columns_768&quot;:&quot;1&quot;,&quot;columns_680&quot;:&quot;1&quot;,&quot;columns_480&quot;:&quot;1&quot;,&quot;space&quot;:&quot;medium&quot;,&quot;posts_per_page&quot;:&quot;8&quot;,&quot;orderby&quot;:&quot;title&quot;,&quot;order&quot;:&quot;ASC&quot;,&quot;additional_params&quot;:&quot;tax&quot;,&quot;tax&quot;:&quot;portfolio-category&quot;,&quot;tax_slug&quot;:&quot;schmuckpraesentation&quot;,&quot;layout&quot;:&quot;info-on-image&quot;,&quot;hover_animation_image-on-hover&quot;:&quot;change-image&quot;,&quot;hover_animation_info-below&quot;:&quot;overlay&quot;,&quot;hover_animation_info-follow&quot;:&quot;follow&quot;,&quot;hover_animation_info-on-hover&quot;:&quot;fade-in&quot;,&quot;title_tag&quot;:&quot;h5&quot;,&quot;text_transform&quot;:&quot;uppercase&quot;,&quot;custom_margin&quot;:&quot;no&quot;,&quot;enable_filter&quot;:&quot;no&quot;,&quot;pagination_type&quot;:&quot;load-more&quot;,&quot;object_class_name&quot;:&quot;MadelynCore_Portfolio_List_Shortcode&quot;,&quot;taxonomy_filter&quot;:&quot;portfolio-category&quot;,&quot;additional_query_args&quot;:{&quot;tax_query&quot;:[{&quot;taxonomy&quot;:&quot;portfolio-category&quot;,&quot;field&quot;:&quot;slug&quot;,&quot;terms&quot;:&quot;schmuckpraesentation&quot;}]},&quot;space_value&quot;:20}\">\n\t\t<div class=\"qodef-grid-inner clear\">\n\t\t\t<div class=\"qodef-grid-masonry-sizer\"><\/div>\n\t<div class=\"qodef-grid-masonry-gutter\"><\/div>\n<article class=\"qodef-e qodef-grid-item qodef-item--full post-12819 portfolio-item type-portfolio-item status-publish has-post-thumbnail hentry portfolio-category-schmuckpraesentation\">\n\t<div class=\"qodef-e-inner\" >\n\t\t\t<div class=\"qodef-e-media-image qodef--background\" style=\"background-image: url( https:\/\/erichludwig-de.vacus.io\/en\/wp-content\/uploads\/2024\/07\/ringprsentation.jpg)\">\n\t\t<img fetchpriority=\"high\" decoding=\"async\" width=\"320\" height=\"320\" src=\"https:\/\/erichludwig-de.vacus.io\/en\/wp-content\/uploads\/2024\/07\/ringprsentation.jpg\" class=\"attachment-full size-full wp-post-image\" alt=\"\" srcset=\"https:\/\/erichludwig-de.vacus.io\/en\/wp-content\/uploads\/2024\/07\/ringprsentation.jpg 320w, https:\/\/erichludwig-de.vacus.io\/en\/wp-content\/uploads\/2024\/07\/ringprsentation-300x300.jpg 300w, https:\/\/erichludwig-de.vacus.io\/en\/wp-content\/uploads\/2024\/07\/ringprsentation-150x150.jpg 150w, https:\/\/erichludwig-de.vacus.io\/en\/wp-content\/uploads\/2024\/07\/ringprsentation-100x100.jpg 100w\" sizes=\"(max-width: 320px) 100vw, 320px\" \/>\t<\/div>\n\t\t<div class=\"qodef-e-content\">\n\t\t\t<div class=\"qodef-e-top-holder\">\n\t\t\t\t<div class=\"qodef-e-info\">\n\t\t\t\t\t\t<a href=\"https:\/\/erichludwig-de.vacus.io\/en\/portfolio-category\/schmuckpraesentation\" rel=\"tag\">Schmuckpr\u00e4sentation<\/a>\t<div class=\"qodef-info-separator-end\"><\/div>\n\t\t\t\t<\/div>\n\t\t\t<\/div>\n\t\t\t<div class=\"qodef-e-text\">\n\t\t\t\t<h5 itemprop=\"name\" class=\"qodef-e-title entry-title\" style=\"text-transform: uppercase\">\n\t<a itemprop=\"url\" class=\"qodef-e-title-link\" href=\"https:\/\/erichludwig-de.vacus.io\/en\/portfolio-item\/schmuckpraesentation\" target=\"_self\">\n\t\tSchmuckpr\u00e4sentation\t<\/a>\n<\/h5>\n\t\t\t<\/div>\n\t\t<\/div>\n\t\t<a itemprop=\"url\" class=\"qodef-e-post-link\" href=\"https:\/\/erichludwig-de.vacus.io\/en\/portfolio-item\/schmuckpraesentation\" target=\"_self\"><\/a>\n\t<\/div>\n<\/article>\n\t<\/div>\n\t<\/div>\n\t\t\t\t<\/div>\n\t\t\t\t<\/div>\n\t\t\t\t<\/div>\n\t\t\t\t<\/div>\n\t\t","protected":false},"excerpt":{"rendered":"<p>Schmuckpr\u00e4sentationen sowohl f\u00fcr Privat- als auch f\u00fcr Gesch\u00e4ftskunden aus der Erich Ludwig Etuimanufaktur seit 1887 Schmuckpr\u00e4sentation Schmuckpr\u00e4sentation<\/p>\n","protected":false},"author":1,"featured_media":0,"parent":944,"menu_order":0,"comment_status":"closed","ping_status":"closed","template":"","meta":{"footnotes":""},"class_list":["post-14052","page","type-page","status-publish","hentry"],"jetpack_sharing_enabled":true,"_links":{"self":[{"href":"https:\/\/erichludwig-de.vacus.io\/en\/wp-json\/wp\/v2\/pages\/14052","targetHints":{"allow":["GET"]}}],"collection":[{"href":"https:\/\/erichludwig-de.vacus.io\/en\/wp-json\/wp\/v2\/pages"}],"about":[{"href":"https:\/\/erichludwig-de.vacus.io\/en\/wp-json\/wp\/v2\/types\/page"}],"author":[{"embeddable":true,"href":"https:\/\/erichludwig-de.vacus.io\/en\/wp-json\/wp\/v2\/users\/1"}],"replies":[{"embeddable":true,"href":"https:\/\/erichludwig-de.vacus.io\/en\/wp-json\/wp\/v2\/comments?post=14052"}],"version-history":[{"count":7,"href":"https:\/\/erichludwig-de.vacus.io\/en\/wp-json\/wp\/v2\/pages\/14052\/revisions"}],"predecessor-version":[{"id":14160,"href":"https:\/\/erichludwig-de.vacus.io\/en\/wp-json\/wp\/v2\/pages\/14052\/revisions\/14160"}],"up":[{"embeddable":true,"href":"https:\/\/erichludwig-de.vacus.io\/en\/wp-json\/wp\/v2\/pages\/944"}],"wp:attachment":[{"href":"https:\/\/erichludwig-de.vacus.io\/en\/wp-json\/wp\/v2\/media?parent=14052"}],"curies":[{"name":"wp","href":"https:\/\/api.w.org\/{rel}","templated":true}]}}