{"id":13535,"date":"2024-07-24T15:18:39","date_gmt":"2024-07-24T13:18:39","guid":{"rendered":"https:\/\/erichludwig.vacus.io\/en\/?page_id=13535"},"modified":"2024-10-06T18:02:05","modified_gmt":"2024-10-06T16:02:05","slug":"geschichte","status":"publish","type":"page","link":"https:\/\/erichludwig-de.vacus.io\/en\/manufactory\/geschichte","title":{"rendered":"Geschichte"},"content":{"rendered":"\t\t<div data-elementor-type=\"wp-page\" data-elementor-id=\"13535\" class=\"elementor elementor-13535\">\n\t\t\t\t\t\t<section class=\"elementor-section elementor-top-section elementor-element elementor-element-ceb8702 elementor-section-full_width qodef-section-title-text-holder-yes qodef-section-line-animation-holder-yes elementor-hidden-tablet elementor-hidden-mobile elementor-section-height-default elementor-section-height-default qodef-elementor-content-no qodef-elementor-back-btn-skin-default qodef-line-animation-alignment--left\" data-id=\"ceb8702\" data-element_type=\"section\" data-e-type=\"section\">\n\t\t\t\t\t\t<div class=\"elementor-container elementor-column-gap-default\">\n\t\t\t\t\t<div class=\"elementor-column elementor-col-100 elementor-top-column elementor-element elementor-element-b3eb121\" data-id=\"b3eb121\" data-element_type=\"column\" data-e-type=\"column\">\n\t\t\t<div class=\"elementor-widget-wrap elementor-element-populated\">\n\t\t\t\t\t\t\t<\/div>\n\t\t<\/div>\n\t\t\t\t\t<\/div>\n\t\t<\/section>\n\t\t<div class=\"elementor-element elementor-element-95e4496 e-flex e-con-boxed e-con e-parent\" data-id=\"95e4496\" data-element_type=\"container\" data-e-type=\"container\" data-settings=\"{&quot;background_background&quot;:&quot;gradient&quot;}\">\n\t\t\t\t\t<div class=\"e-con-inner\">\n\t\t\t\t<div class=\"elementor-element elementor-element-1537863 elementor-widget elementor-widget-spacer\" data-id=\"1537863\" data-element_type=\"widget\" data-e-type=\"widget\" data-widget_type=\"spacer.default\">\n\t\t\t\t<div class=\"elementor-widget-container\">\n\t\t\t\t\t\t\t<div class=\"elementor-spacer\">\n\t\t\t<div class=\"elementor-spacer-inner\"><\/div>\n\t\t<\/div>\n\t\t\t\t\t\t<\/div>\n\t\t\t\t<\/div>\n\t\t\t\t\t<\/div>\n\t\t\t\t<\/div>\n\t\t<div class=\"elementor-element elementor-element-9e851cd e-flex e-con-boxed e-con e-parent\" data-id=\"9e851cd\" data-element_type=\"container\" data-e-type=\"container\" data-settings=\"{&quot;background_background&quot;:&quot;classic&quot;}\">\n\t\t\t\t\t<div class=\"e-con-inner\">\n\t\t\t\t<div class=\"elementor-element elementor-element-749b538 elementor-widget__width-auto elementor-widget elementor-widget-heading\" data-id=\"749b538\" data-element_type=\"widget\" data-e-type=\"widget\" data-widget_type=\"heading.default\">\n\t\t\t\t<div class=\"elementor-widget-container\">\n\t\t\t\t\t<h2 class=\"elementor-heading-title elementor-size-default\">Die Geschichte der\nErich Ludwig Etuimanufaktur<\/h2>\t\t\t\t<\/div>\n\t\t\t\t<\/div>\n\t\t\t\t\t<\/div>\n\t\t\t\t<\/div>\n\t\t<div class=\"elementor-element elementor-element-616c913 e-con-full e-flex e-con e-parent\" data-id=\"616c913\" data-element_type=\"container\" data-e-type=\"container\" data-settings=\"{&quot;background_background&quot;:&quot;classic&quot;}\">\n\t\t\t\t<div class=\"elementor-element elementor-element-d5aa62e elementor-widget__width-auto elementor-widget-mobile__width-inherit elementor-widget elementor-widget-qi_addons_for_elementor_timeline\" data-id=\"d5aa62e\" data-element_type=\"widget\" data-e-type=\"widget\" data-widget_type=\"qi_addons_for_elementor_timeline.default\">\n\t\t\t\t<div class=\"elementor-widget-container\">\n\t\t\t\t\t<div class=\"qodef-shortcode qodef-m qodef-qi-timeline qodef-timeline--vertical qodef-timeline-layout--vertical-side qodef-line--inside qodef-point--standard qodef-qi--has-appear\">\n\t<div class=\"qodef-e qodef-e-item elementor-repeater-item-d03b786 qodef-obverse\">\n\t<div class=\"qodef-e-line-holder\">\n\t\t<span class=\"qodef-e-line\"><\/span>\n\t<\/div>\n\t<div class=\"qodef-e-item-inner\">\n\t\t<div class=\"qodef-e-point-holder\">\n\t\t\t<div class=\"qodef-e-point\">\n\t\t\t\t\t\t\t<\/div>\n\t\t<\/div>\n\t\t<div class=\"qodef-e-item-content\">\n\t\t\t<div class=\"qodef-e-side-holder\">\n\t\t\t\t<div class=\"qodef-e-image\">\n\t<img fetchpriority=\"high\" decoding=\"async\" width=\"650\" height=\"650\" src=\"https:\/\/erichludwig-de.vacus.io\/en\/wp-content\/uploads\/2024\/07\/gewerbeanmeldung-1887-650x650.jpg\" class=\"attachment-qi_addons_for_elementor_image_size_square size-qi_addons_for_elementor_image_size_square\" alt=\"\" srcset=\"https:\/\/erichludwig-de.vacus.io\/en\/wp-content\/uploads\/2024\/07\/gewerbeanmeldung-1887-650x650.jpg 650w, https:\/\/erichludwig-de.vacus.io\/en\/wp-content\/uploads\/2024\/07\/gewerbeanmeldung-1887-150x150.jpg 150w\" sizes=\"(max-width: 650px) 100vw, 650px\" \/><\/div>\n\t\t\t<\/div>\n\t\t\t<div class=\"qodef-e-content-holder\">\n\t\t\t\t\t<div class=\"qodef-e-date\">\n\t\t1887\t<\/div>\n\t\t\t\t\t\t<h4 class=\"qodef-e-title\">\n\t\tFirmengr\u00fcndung in Hamburg\t\t<\/h4>\n\t\t\t\t\t\t<p class=\"qodef-e-text\">\n\t\tIn der Gro\u00dfen Johannisstra\u00dfe 6, dem heutigen Standort des Hamburger Rathauses gr\u00fcndete Friedrich Wilhelm Carl Ludwig am 30. Juni 1887 seine eigene Etuimanufaktur.\t<\/p>\n\t\t\t\t<\/div>\n\t\t<\/div>\n\t<\/div>\n<\/div>\n<div class=\"qodef-e qodef-e-item elementor-repeater-item-a3258d4 qodef-reverse\">\n\t<div class=\"qodef-e-line-holder\">\n\t\t<span class=\"qodef-e-line\"><\/span>\n\t<\/div>\n\t<div class=\"qodef-e-item-inner\">\n\t\t<div class=\"qodef-e-point-holder\">\n\t\t\t<div class=\"qodef-e-point\">\n\t\t\t\t\t\t\t<\/div>\n\t\t<\/div>\n\t\t<div class=\"qodef-e-item-content\">\n\t\t\t<div class=\"qodef-e-side-holder\">\n\t\t\t\t<div class=\"qodef-e-image\">\n\t<img decoding=\"async\" width=\"650\" height=\"650\" src=\"https:\/\/erichludwig-de.vacus.io\/en\/wp-content\/uploads\/2024\/07\/erich-ludwig-1926-1964-650x650.jpg\" class=\"attachment-qi_addons_for_elementor_image_size_square size-qi_addons_for_elementor_image_size_square\" alt=\"\" srcset=\"https:\/\/erichludwig-de.vacus.io\/en\/wp-content\/uploads\/2024\/07\/erich-ludwig-1926-1964-650x650.jpg 650w, https:\/\/erichludwig-de.vacus.io\/en\/wp-content\/uploads\/2024\/07\/erich-ludwig-1926-1964-150x150.jpg 150w\" sizes=\"(max-width: 650px) 100vw, 650px\" \/><\/div>\n\t\t\t<\/div>\n\t\t\t<div class=\"qodef-e-content-holder\">\n\t\t\t\t\t<div class=\"qodef-e-date\">\n\t\t1930\t<\/div>\n\t\t\t\t\t\t<h4 class=\"qodef-e-title\">\n\t\t\u00dcbernahme durch Hans Erich Ludwig\t\t<\/h4>\n\t\t\t\t\t\t<p class=\"qodef-e-text\">\n\t\tNach dem Tod von Friedrich Wilhelm Carl Ludwig im Jahr 1930 \u00fcbernahm sein j\u00fcngster Sohn Hans Erich Ludwig, der seit 1926 in der Firma t\u00e4tig war, die Gesch\u00e4fte.\t<\/p>\n\t\t\t\t<\/div>\n\t\t<\/div>\n\t<\/div>\n<\/div>\n<div class=\"qodef-e qodef-e-item elementor-repeater-item-e3e4352 qodef-obverse\">\n\t<div class=\"qodef-e-line-holder\">\n\t\t<span class=\"qodef-e-line\"><\/span>\n\t<\/div>\n\t<div class=\"qodef-e-item-inner\">\n\t\t<div class=\"qodef-e-point-holder\">\n\t\t\t<div class=\"qodef-e-point\">\n\t\t\t\t\t\t\t<\/div>\n\t\t<\/div>\n\t\t<div class=\"qodef-e-item-content\">\n\t\t\t<div class=\"qodef-e-side-holder\">\n\t\t\t\t<div class=\"qodef-e-image\">\n\t<img decoding=\"async\" width=\"650\" height=\"650\" src=\"https:\/\/erichludwig-de.vacus.io\/en\/wp-content\/uploads\/2024\/07\/Staatliche-Landesbildstelle-Hamburg-650x650.webp\" class=\"attachment-qi_addons_for_elementor_image_size_square size-qi_addons_for_elementor_image_size_square\" alt=\"\" srcset=\"https:\/\/erichludwig-de.vacus.io\/en\/wp-content\/uploads\/2024\/07\/Staatliche-Landesbildstelle-Hamburg-650x650.webp 650w, https:\/\/erichludwig-de.vacus.io\/en\/wp-content\/uploads\/2024\/07\/Staatliche-Landesbildstelle-Hamburg-150x150.webp 150w\" sizes=\"(max-width: 650px) 100vw, 650px\" \/><\/div>\n\t\t\t<\/div>\n\t\t\t<div class=\"qodef-e-content-holder\">\n\t\t\t\t\t<div class=\"qodef-e-date\">\n\t\t1943\t<\/div>\n\t\t\t\t\t\t<h4 class=\"qodef-e-title\">\n\t\tBombenangriff auf Hamburg - Flucht nach Bayern\t\t<\/h4>\n\t\t\t\t\t\t<p class=\"qodef-e-text\">\n\t\tDurch Ausbombung im 2. Weltkrieg, wurde der Betrieb und somit die Existenz vernichtet. Die Familie floh nach Bayern und hat hier mit einfachen Mitteln Schmuckk\u00e4stchen mit Enzianmalerei gefertigt.\t<\/p>\n\t\t\t\t<\/div>\n\t\t<\/div>\n\t<\/div>\n<\/div>\n<div class=\"qodef-e qodef-e-item elementor-repeater-item-e58c5b2 qodef-reverse\">\n\t<div class=\"qodef-e-line-holder\">\n\t\t<span class=\"qodef-e-line\"><\/span>\n\t<\/div>\n\t<div class=\"qodef-e-item-inner\">\n\t\t<div class=\"qodef-e-point-holder\">\n\t\t\t<div class=\"qodef-e-point\">\n\t\t\t\t\t\t\t<\/div>\n\t\t<\/div>\n\t\t<div class=\"qodef-e-item-content\">\n\t\t\t<div class=\"qodef-e-side-holder\">\n\t\t\t\t<div class=\"qodef-e-image\">\n\t<img loading=\"lazy\" decoding=\"async\" width=\"650\" height=\"650\" src=\"https:\/\/erichludwig-de.vacus.io\/en\/wp-content\/uploads\/2024\/07\/AdobeStock_88327186-650x650.jpeg\" class=\"attachment-qi_addons_for_elementor_image_size_square size-qi_addons_for_elementor_image_size_square\" alt=\"\" srcset=\"https:\/\/erichludwig-de.vacus.io\/en\/wp-content\/uploads\/2024\/07\/AdobeStock_88327186-650x650.jpeg 650w, https:\/\/erichludwig-de.vacus.io\/en\/wp-content\/uploads\/2024\/07\/AdobeStock_88327186-150x150.jpeg 150w, https:\/\/erichludwig-de.vacus.io\/en\/wp-content\/uploads\/2024\/07\/AdobeStock_88327186-1300x1300.jpeg 1300w\" sizes=\"(max-width: 650px) 100vw, 650px\" \/><\/div>\n\t\t\t<\/div>\n\t\t\t<div class=\"qodef-e-content-holder\">\n\t\t\t\t\t<div class=\"qodef-e-date\">\n\t\t1945\t<\/div>\n\t\t\t\t\t\t<h4 class=\"qodef-e-title\">\n\t\tR\u00fcckkehr nach Hamburg\t\t<\/h4>\n\t\t\t\t\t\t<p class=\"qodef-e-text\">\n\t\tNach Ende des Krieges ging es im Jahr 1945 zur\u00fcck nach Hamburg. Hier arbeitete Erich Ludwig mit seiner Frau Juliane und Angestellten vorerst in seiner Privatwohnung.\t<\/p>\n\t\t\t\t<\/div>\n\t\t<\/div>\n\t<\/div>\n<\/div>\n<div class=\"qodef-e qodef-e-item elementor-repeater-item-9d6384e qodef-obverse\">\n\t<div class=\"qodef-e-line-holder\">\n\t\t<span class=\"qodef-e-line\"><\/span>\n\t<\/div>\n\t<div class=\"qodef-e-item-inner\">\n\t\t<div class=\"qodef-e-point-holder\">\n\t\t\t<div class=\"qodef-e-point\">\n\t\t\t\t\t\t\t<\/div>\n\t\t<\/div>\n\t\t<div class=\"qodef-e-item-content\">\n\t\t\t<div class=\"qodef-e-side-holder\">\n\t\t\t\t<div class=\"qodef-e-image\">\n\t<img loading=\"lazy\" decoding=\"async\" width=\"480\" height=\"640\" src=\"https:\/\/erichludwig-de.vacus.io\/en\/wp-content\/uploads\/2024\/07\/pelikanhaus100.jpg\" class=\"attachment-qi_addons_for_elementor_image_size_square size-qi_addons_for_elementor_image_size_square\" alt=\"\" srcset=\"https:\/\/erichludwig-de.vacus.io\/en\/wp-content\/uploads\/2024\/07\/pelikanhaus100.jpg 480w, https:\/\/erichludwig-de.vacus.io\/en\/wp-content\/uploads\/2024\/07\/pelikanhaus100-225x300.jpg 225w\" sizes=\"(max-width: 480px) 100vw, 480px\" \/><\/div>\n\t\t\t<\/div>\n\t\t\t<div class=\"qodef-e-content-holder\">\n\t\t\t\t\t<div class=\"qodef-e-date\">\n\t\t1952\t<\/div>\n\t\t\t\t\t\t<h4 class=\"qodef-e-title\">\n\t\tUmzug ins Pelikanhaus\t\t<\/h4>\n\t\t\t\t\t\t<p class=\"qodef-e-text\">\n\t\t1952 verlegt die Firma ihre R\u00e4umlichkeiten in die Hamburger Innenstadt. Direkt am Nicolaifleet, in der Katharinenstra\u00dfe 3, im Pelikanhaus.\t<\/p>\n\t\t\t\t<\/div>\n\t\t<\/div>\n\t<\/div>\n<\/div>\n<div class=\"qodef-e qodef-e-item elementor-repeater-item-056643f qodef-reverse\">\n\t<div class=\"qodef-e-line-holder\">\n\t\t<span class=\"qodef-e-line\"><\/span>\n\t<\/div>\n\t<div class=\"qodef-e-item-inner\">\n\t\t<div class=\"qodef-e-point-holder\">\n\t\t\t<div class=\"qodef-e-point\">\n\t\t\t\t\t\t\t<\/div>\n\t\t<\/div>\n\t\t<div class=\"qodef-e-item-content\">\n\t\t\t<div class=\"qodef-e-side-holder\">\n\t\t\t\t<div class=\"qodef-e-image\">\n\t<img loading=\"lazy\" decoding=\"async\" width=\"650\" height=\"650\" src=\"https:\/\/erichludwig-de.vacus.io\/en\/wp-content\/uploads\/2024\/07\/Hamburg_Sturmflut_007-650x650.jpg\" class=\"attachment-qi_addons_for_elementor_image_size_square size-qi_addons_for_elementor_image_size_square\" alt=\"\" srcset=\"https:\/\/erichludwig-de.vacus.io\/en\/wp-content\/uploads\/2024\/07\/Hamburg_Sturmflut_007-650x650.jpg 650w, https:\/\/erichludwig-de.vacus.io\/en\/wp-content\/uploads\/2024\/07\/Hamburg_Sturmflut_007-150x150.jpg 150w\" sizes=\"(max-width: 650px) 100vw, 650px\" \/><\/div>\n\t\t\t<\/div>\n\t\t\t<div class=\"qodef-e-content-holder\">\n\t\t\t\t\t<div class=\"qodef-e-date\">\n\t\t1962\t<\/div>\n\t\t\t\t\t\t<h4 class=\"qodef-e-title\">\n\t\tSturmflut 1962 - Existenz erneut zerst\u00f6rt\t\t<\/h4>\n\t\t\t\t\t\t<p class=\"qodef-e-text\">\n\t\t1962 wurde die m\u00fchevoll wieder aufgebaute Existenz von der  Sturmflut erneut zerst\u00f6rt. Viele treue Gesch\u00e4ftskunden halfen bei dem Wiederaufbau nach der Flut und so konnte noch im gleichen Jahr das 75j\u00e4hrige Betriebsjubil\u00e4um gefeiert werden und  seine Auszubildende,  Anke Glowka, gewann den Bundeswettbewerb f\u00fcr Auszubildende in der Sparte Etuimacher im Buchbinderhandwerk.\t<\/p>\n\t\t\t\t<\/div>\n\t\t<\/div>\n\t<\/div>\n<\/div>\n<div class=\"qodef-e qodef-e-item elementor-repeater-item-391d3b9 qodef-obverse\">\n\t<div class=\"qodef-e-line-holder\">\n\t\t<span class=\"qodef-e-line\"><\/span>\n\t<\/div>\n\t<div class=\"qodef-e-item-inner\">\n\t\t<div class=\"qodef-e-point-holder\">\n\t\t\t<div class=\"qodef-e-point\">\n\t\t\t\t\t\t\t<\/div>\n\t\t<\/div>\n\t\t<div class=\"qodef-e-item-content\">\n\t\t\t<div class=\"qodef-e-side-holder\">\n\t\t\t\t<div class=\"qodef-e-image\">\n\t<img loading=\"lazy\" decoding=\"async\" width=\"178\" height=\"250\" src=\"https:\/\/erichludwig-de.vacus.io\/en\/wp-content\/uploads\/2024\/07\/Juergen-Ludwig.png\" class=\"attachment-qi_addons_for_elementor_image_size_square size-qi_addons_for_elementor_image_size_square\" alt=\"\" \/><\/div>\n\t\t\t<\/div>\n\t\t\t<div class=\"qodef-e-content-holder\">\n\t\t\t\t\t<div class=\"qodef-e-date\">\n\t\t1964\t<\/div>\n\t\t\t\t\t\t<h4 class=\"qodef-e-title\">\n\t\tDie neuen Betriebsleiter in der Manufaktur\t\t<\/h4>\n\t\t\t\t\t\t<p class=\"qodef-e-text\">\n\t\tNach dem Tod von Hans Erich Ludwig im Jahre 1964 f\u00fchrten seine Frau und sein Sohn J\u00fcrgen, der das Handwerk ebenfalls erlernt hatte und bereits seit 10 Jahren im Betrieb t\u00e4tig war, den Betrieb weiter.\t<\/p>\n\t\t\t\t<\/div>\n\t\t<\/div>\n\t<\/div>\n<\/div>\n<div class=\"qodef-e qodef-e-item elementor-repeater-item-83a9493 qodef-reverse\">\n\t<div class=\"qodef-e-line-holder\">\n\t\t<span class=\"qodef-e-line\"><\/span>\n\t<\/div>\n\t<div class=\"qodef-e-item-inner\">\n\t\t<div class=\"qodef-e-point-holder\">\n\t\t\t<div class=\"qodef-e-point\">\n\t\t\t\t\t\t\t<\/div>\n\t\t<\/div>\n\t\t<div class=\"qodef-e-item-content\">\n\t\t\t<div class=\"qodef-e-side-holder\">\n\t\t\t\t<div class=\"qodef-e-image\">\n\t<\/div>\n\t\t\t<\/div>\n\t\t\t<div class=\"qodef-e-content-holder\">\n\t\t\t\t\t<div class=\"qodef-e-date\">\n\t\t1979\t<\/div>\n\t\t\t\t\t\t<h4 class=\"qodef-e-title\">\n\t\tUmzug in den Hammer Steindamm\t\t<\/h4>\n\t\t\t\t\t\t<p class=\"qodef-e-text\">\n\t\tIm Jahr 1979 wurde ein weiterer Standortwechsel notwendig. Seitdem befinden sich die Werkr\u00e4ume der Etuimanufaktur im Hammer Steindamm 62.\t<\/p>\n\t\t\t\t<\/div>\n\t\t<\/div>\n\t<\/div>\n<\/div>\n<div class=\"qodef-e qodef-e-item elementor-repeater-item-8f864df qodef-obverse\">\n\t<div class=\"qodef-e-line-holder\">\n\t\t<span class=\"qodef-e-line\"><\/span>\n\t<\/div>\n\t<div class=\"qodef-e-item-inner\">\n\t\t<div class=\"qodef-e-point-holder\">\n\t\t\t<div class=\"qodef-e-point\">\n\t\t\t\t\t\t\t<\/div>\n\t\t<\/div>\n\t\t<div class=\"qodef-e-item-content\">\n\t\t\t<div class=\"qodef-e-side-holder\">\n\t\t\t\t<div class=\"qodef-e-image\">\n\t<img loading=\"lazy\" decoding=\"async\" width=\"650\" height=\"650\" src=\"https:\/\/erichludwig-de.vacus.io\/en\/wp-content\/uploads\/2024\/07\/juergen-ludwig-1964-2000-650x650.jpg\" class=\"attachment-qi_addons_for_elementor_image_size_square size-qi_addons_for_elementor_image_size_square\" alt=\"\" srcset=\"https:\/\/erichludwig-de.vacus.io\/en\/wp-content\/uploads\/2024\/07\/juergen-ludwig-1964-2000-650x650.jpg 650w, https:\/\/erichludwig-de.vacus.io\/en\/wp-content\/uploads\/2024\/07\/juergen-ludwig-1964-2000-150x150.jpg 150w, https:\/\/erichludwig-de.vacus.io\/en\/wp-content\/uploads\/2024\/07\/juergen-ludwig-1964-2000-1300x1300.jpg 1300w\" sizes=\"(max-width: 650px) 100vw, 650px\" \/><\/div>\n\t\t\t<\/div>\n\t\t\t<div class=\"qodef-e-content-holder\">\n\t\t\t\t\t<div class=\"qodef-e-date\">\n\t\t1984\t<\/div>\n\t\t\t\t\t\t<h4 class=\"qodef-e-title\">\n\t\t\u00dcbernahme durch J\u00fcrgen Ludwig\t\t<\/h4>\n\t\t\t\t\t\t<p class=\"qodef-e-text\">\n\t\tNach 20 Jahren als Betriebsleiter \u00fcbernimmt J\u00fcrgen Ludwig im Jahr 1984 das Gesch\u00e4ft.\t<\/p>\n\t\t\t\t<\/div>\n\t\t<\/div>\n\t<\/div>\n<\/div>\n<div class=\"qodef-e qodef-e-item elementor-repeater-item-2e893d3 qodef-reverse\">\n\t<div class=\"qodef-e-line-holder\">\n\t\t<span class=\"qodef-e-line\"><\/span>\n\t<\/div>\n\t<div class=\"qodef-e-item-inner\">\n\t\t<div class=\"qodef-e-point-holder\">\n\t\t\t<div class=\"qodef-e-point\">\n\t\t\t\t\t\t\t<\/div>\n\t\t<\/div>\n\t\t<div class=\"qodef-e-item-content\">\n\t\t\t<div class=\"qodef-e-side-holder\">\n\t\t\t\t<div class=\"qodef-e-image\">\n\t<img loading=\"lazy\" decoding=\"async\" width=\"650\" height=\"650\" src=\"https:\/\/erichludwig-de.vacus.io\/en\/wp-content\/uploads\/2024\/07\/andreas-r-ludwig-seit-2000-650x650.jpg\" class=\"attachment-qi_addons_for_elementor_image_size_square size-qi_addons_for_elementor_image_size_square\" alt=\"\" srcset=\"https:\/\/erichludwig-de.vacus.io\/en\/wp-content\/uploads\/2024\/07\/andreas-r-ludwig-seit-2000-650x650.jpg 650w, https:\/\/erichludwig-de.vacus.io\/en\/wp-content\/uploads\/2024\/07\/andreas-r-ludwig-seit-2000-150x150.jpg 150w, https:\/\/erichludwig-de.vacus.io\/en\/wp-content\/uploads\/2024\/07\/andreas-r-ludwig-seit-2000-1300x1300.jpg 1300w\" sizes=\"(max-width: 650px) 100vw, 650px\" \/><\/div>\n\t\t\t<\/div>\n\t\t\t<div class=\"qodef-e-content-holder\">\n\t\t\t\t\t<div class=\"qodef-e-date\">\n\t\t2000\t<\/div>\n\t\t\t\t\t\t<h4 class=\"qodef-e-title\">\n\t\tAndreas Ludwig \u00fcbernimmt die Etuimanufaktur\t\t<\/h4>\n\t\t\t\t\t\t<p class=\"qodef-e-text\">\n\t\t1996 verungl\u00fcckte J\u00fcrgen Ludwig schwer, sein Sohn Andreas \u00fcbernahm den Betrieb. Im Jahr 2000 wurde der Handwerksbetrieb in der vierten Generation offiziell an Andreas R. Ludwig \u00fcbergeben. Seitdem wird die Hamburger Etuimanufaktur Erich Ludwig e. K. von ihm als Inhaber gef\u00fchrt.\t<\/p>\n\t\t\t\t<\/div>\n\t\t<\/div>\n\t<\/div>\n<\/div>\n<div class=\"qodef-e qodef-e-item elementor-repeater-item-574d4dd qodef-obverse\">\n\t<div class=\"qodef-e-line-holder\">\n\t\t<span class=\"qodef-e-line\"><\/span>\n\t<\/div>\n\t<div class=\"qodef-e-item-inner\">\n\t\t<div class=\"qodef-e-point-holder\">\n\t\t\t<div class=\"qodef-e-point\">\n\t\t\t\t\t\t\t<\/div>\n\t\t<\/div>\n\t\t<div class=\"qodef-e-item-content\">\n\t\t\t<div class=\"qodef-e-side-holder\">\n\t\t\t\t<div class=\"qodef-e-image\">\n\t<img loading=\"lazy\" decoding=\"async\" width=\"500\" height=\"500\" src=\"https:\/\/erichludwig-de.vacus.io\/en\/wp-content\/uploads\/2024\/10\/Erich-Ludwig-Logo-25.png\" class=\"attachment-qi_addons_for_elementor_image_size_square size-qi_addons_for_elementor_image_size_square\" alt=\"\" srcset=\"https:\/\/erichludwig-de.vacus.io\/en\/wp-content\/uploads\/2024\/10\/Erich-Ludwig-Logo-25.png 500w, https:\/\/erichludwig-de.vacus.io\/en\/wp-content\/uploads\/2024\/10\/Erich-Ludwig-Logo-25-300x300.png 300w, https:\/\/erichludwig-de.vacus.io\/en\/wp-content\/uploads\/2024\/10\/Erich-Ludwig-Logo-25-150x150.png 150w\" sizes=\"(max-width: 500px) 100vw, 500px\" \/><\/div>\n\t\t\t<\/div>\n\t\t\t<div class=\"qodef-e-content-holder\">\n\t\t\t\t\t<div class=\"qodef-e-date\">\n\t\t2012\t<\/div>\n\t\t\t\t\t\t<h4 class=\"qodef-e-title\">\n\t\t125 j\u00e4hriges Firmenjubil\u00e4um\t\t<\/h4>\n\t\t\t\t\t\t<p class=\"qodef-e-text\">\n\t\tIm Jahr 2012 feierte die Hamburger Etuimanufaktur ihr 125-j\u00e4hriges Firmenjubil\u00e4um mit einem gro\u00dfen Festakt im Zippelhaus. Festredner war unter anderem der damalige Erste B\u00fcrgermeister der Freien und Hansestadt Hamburg und heutige Bundeskanzler Olaf Scholz.\t<\/p>\n\t\t\t\t<\/div>\n\t\t<\/div>\n\t<\/div>\n<\/div>\n<\/div>\n\t\t\t\t<\/div>\n\t\t\t\t<\/div>\n\t\t\t\t<\/div>\n\t\t<div class=\"elementor-element elementor-element-d8dac68 e-flex e-con-boxed e-con e-parent\" data-id=\"d8dac68\" data-element_type=\"container\" data-e-type=\"container\" data-settings=\"{&quot;background_background&quot;:&quot;gradient&quot;}\">\n\t\t\t\t\t<div class=\"e-con-inner\">\n\t\t\t\t<div class=\"elementor-element elementor-element-4434b9a elementor-widget elementor-widget-spacer\" data-id=\"4434b9a\" data-element_type=\"widget\" data-e-type=\"widget\" data-widget_type=\"spacer.default\">\n\t\t\t\t<div class=\"elementor-widget-container\">\n\t\t\t\t\t\t\t<div class=\"elementor-spacer\">\n\t\t\t<div class=\"elementor-spacer-inner\"><\/div>\n\t\t<\/div>\n\t\t\t\t\t\t<\/div>\n\t\t\t\t<\/div>\n\t\t\t\t\t<\/div>\n\t\t\t\t<\/div>\n\t\t\t\t<\/div>\n\t\t","protected":false},"excerpt":{"rendered":"<p>Die Geschichte der Erich Ludwig Etuimanufaktur 1887 Firmengr\u00fcndung in Hamburg In der Gro\u00dfen Johannisstra\u00dfe 6, dem heutigen Standort des Hamburger Rathauses gr\u00fcndete Friedrich Wilhelm Carl Ludwig am 30. Juni 1887 seine eigene Etuimanufaktur. 1930 \u00dcbernahme durch Hans Erich Ludwig Nach dem Tod von Friedrich Wilhelm Carl Ludwig im Jahr 1930 \u00fcbernahm sein j\u00fcngster Sohn Hans [&hellip;]<\/p>\n","protected":false},"author":1,"featured_media":0,"parent":3995,"menu_order":0,"comment_status":"closed","ping_status":"closed","template":"page-full-width.php","meta":{"footnotes":""},"class_list":["post-13535","page","type-page","status-publish","hentry"],"jetpack_sharing_enabled":true,"_links":{"self":[{"href":"https:\/\/erichludwig-de.vacus.io\/en\/wp-json\/wp\/v2\/pages\/13535","targetHints":{"allow":["GET"]}}],"collection":[{"href":"https:\/\/erichludwig-de.vacus.io\/en\/wp-json\/wp\/v2\/pages"}],"about":[{"href":"https:\/\/erichludwig-de.vacus.io\/en\/wp-json\/wp\/v2\/types\/page"}],"author":[{"embeddable":true,"href":"https:\/\/erichludwig-de.vacus.io\/en\/wp-json\/wp\/v2\/users\/1"}],"replies":[{"embeddable":true,"href":"https:\/\/erichludwig-de.vacus.io\/en\/wp-json\/wp\/v2\/comments?post=13535"}],"version-history":[{"count":116,"href":"https:\/\/erichludwig-de.vacus.io\/en\/wp-json\/wp\/v2\/pages\/13535\/revisions"}],"predecessor-version":[{"id":14140,"href":"https:\/\/erichludwig-de.vacus.io\/en\/wp-json\/wp\/v2\/pages\/13535\/revisions\/14140"}],"up":[{"embeddable":true,"href":"https:\/\/erichludwig-de.vacus.io\/en\/wp-json\/wp\/v2\/pages\/3995"}],"wp:attachment":[{"href":"https:\/\/erichludwig-de.vacus.io\/en\/wp-json\/wp\/v2\/media?parent=13535"}],"curies":[{"name":"wp","href":"https:\/\/api.w.org\/{rel}","templated":true}]}}